{"id":1677,"date":"2025-08-01T15:32:36","date_gmt":"2025-08-01T13:32:36","guid":{"rendered":"https:\/\/onlygrowth.fans\/linkscale-to-das-leistungsfaehigste-link-in-bio-tool-auf-dem-markt\/"},"modified":"2025-08-14T22:52:12","modified_gmt":"2025-08-14T20:52:12","slug":"linkscale-to-das-leistungsfaehigste-link-in-bio-tool-auf-dem-markt","status":"publish","type":"page","link":"https:\/\/onlygrowth.fans\/de\/top-3-link-in-bio-tools-fuer-autoren-von-inhalten-fuer-erwachsene-2025-%f0%9f%8f%86\/linkscale-to-das-leistungsfaehigste-link-in-bio-tool-auf-dem-markt\/","title":{"rendered":"Linkscale.to &#8211; Das leistungsf\u00e4higste Link-in-Bio-Tool auf dem Markt"},"content":{"rendered":"\n<p>Ihr Link-in-Bio ist Ihr Tor zur Konversion. Linkscale erfindet das Konzept mit ultraschnellen Seiten, einem KI-Assistenten und pr\u00e4zisen Analysen zur Optimierung jedes Klicks neu. Vergessen Sie langsame oder anf\u00e4llige Tools: Hier erhalten Sie Bot-Filterung und Link-Sicherheit. Benutzerdefinierte Domains und Anti-Bot-Schutz st\u00e4rken Ihr professionelles Image.   <\/p>\n\n<p>Flexible Preise ($0 bis $69\/Monat) f\u00fcr ein Tool, das Traffic in Geld verwandelt. Sie m\u00fcssen kein Profi sein: ein guter Link ist der Schl\u00fcssel f\u00fcr Ihr Wachstum. <\/p>\n\n<a class=\"gb-text OGF-primary\" href=\"\/go\/linkscale\" target=\"_blank\" rel=\"noopener nofollow\">Testen Sie linkscale noch heute<\/a>\n\n<p>Ihr Link im Lebenslauf, der wie eine Einkaufsliste aussieht, obwohl Sie tolle Inhalte haben? Sie haben nur einen Klick pro Profil, um zu konvertieren, und Ihnen ist klar, dass der Verlust von Abonnenten aufgrund einer langsamen oder h\u00e4sslichen Seite bares Geld bedeutet, das in den Papierkorb geworfen wird. Linkscale ist das Link-in-Bio-Tool, das das Spiel ver\u00e4ndert: blitzschnell, Anti-Bot-Schutz, benutzerdefinierte Pro-Domains und sogar ein KI-Assistent, der Ihre Fans f\u00fchrt. Wir erkl\u00e4ren Ihnen, wie dieses Paket Ihre Konversionen steigern kann, ohne Sie in den Wahnsinn zu treiben. Denn Ihr Traffic ist kein Gl\u00fccksspiel, es ist Ihr Gesch\u00e4ft.    <\/p>\n\n<div class=\"wp-block-rank-math-toc-block\" id=\"rank-math-toc\"><h2>Table of Contents<\/h2><nav><ul><li><a href=\"#your-link-in-bio-more-than-a-simple-link-its-your-digital-showcase\">Ihr Link-in-Bio: mehr als ein einfacher Link, es ist Ihr digitales Schaufenster<\/a><\/li><li><a href=\"#why-classic-tools-are-no-longer-enough-enter-linkscale\">Warum klassische Tools nicht mehr ausreichen: Linkscale<\/a><\/li><li><a href=\"#summary-of-our-linkscale-review\">Zusammenfassung unserer Linkscale Bewertung<\/a><\/li><li><a href=\"#linkscale-pricing\">Linkscale Preisgestaltung<\/a><ul><li><a href=\"#our-opinion-on-linkscale-pricing\">Unsere Meinung zu Linkscale Preisen<\/a><\/li><\/ul><\/li><li><a href=\"#linkscale-for-whom\">Linkscale: f\u00fcr wen?<\/a><\/li><li><a href=\"#feature-list\">Funktionsliste<\/a><ul><li><a href=\"#conversion-optimized-landing-pages\">Conversion-optimierte Landing Pages<\/a><\/li><li><a href=\"#intelligent-redirections-and-anti-bot\">Intelligente Umleitungen und Anti-Bot<\/a><\/li><li><a href=\"#dedicated-domains-for-pro-branding\">Dedizierte Domains f\u00fcr professionelles Branding<\/a><\/li><li><a href=\"#integrated-assistant-the-bot-that-works-for-you\">Integrierter Assistent: der Bot, der f\u00fcr Sie arbeitet<\/a><\/li><li><a href=\"#advanced-analytics-to-pilot-your-growth\">Erweiterte Analysen zur Steuerung Ihres Wachstums<\/a><\/li><\/ul><\/li><li><a href=\"#customer-reviews\">Kundenrezensionen<\/a><\/li><li><a href=\"#final-verdict\">Endg\u00fcltiges Urteil<\/a><\/li><\/ul><\/nav><\/div>\n\n<h2 class=\"wp-block-heading\" id=\"your-link-in-bio-more-than-a-simple-link-its-your-digital-showcase\">Ihr Link-in-Bio: mehr als ein einfacher Link, es ist Ihr digitales Schaufenster<\/h2>\n\n<p>Sie haben tolle Inhalte, eine Community, die sie lieben wird, aber Ihr Link-in-Bio sieht aus wie eine Einkaufsliste? Zu viele Kreative untersch\u00e4tzen dieses Detail. Dabei ist es Ihr Haupteingangstor zu Ihren Einnahmen (OnlyFans, pers\u00f6nliche Website, Shops). Schlechtes Layout = verlorene Klicks, weniger Geld. Und da Plattformen wie TikTok oder Instagram externe Links einschr\u00e4nken, ist jeder Besucher eine Chance, die Sie nicht verpassen sollten.    <\/p>\n\n<p>Soziale Netzwerke zwingen Ihnen die Hand auf: Instagram, TikTok, X&#8230; alle sind auf einen klickbaren Link beschr\u00e4nkt. Eine langsame Seite, mieses Design, und Sie verlieren einen zahlenden Fan. Ein Link-in-Bio-Tool ist viel mehr als eine Liste von Links: Es ist ein strategischer Knotenpunkt, um Ihre Follower in Geld zu verwandeln. Mit Linkscale profitieren Sie von Schnelligkeit (f\u00fcr Mobilger\u00e4te optimierte Seiten) und Analyse (Klickverfolgung in Echtzeit). Es ist automatisiert, Sie m\u00fcssen sich nicht den Kopf zerbrechen.    <\/p>\n\n<blockquote class=\"wp-block-quote is-layout-flow wp-block-quote-is-layout-flow\">\n<p>&#8222;Betrachten Sie Ihren Link-in-Bio nicht als Einschr\u00e4nkung, sondern als Ihre beste Gelegenheit, einen einfachen Follower in einen zahlenden Fan zu verwandeln.&#8220;<\/p>\n<\/blockquote>\n\n<p>Ein wirklich hochwertiges Tool sollte Ihre Konversionen steigern und Ihre Marke st\u00e4rken. Nicht nur URLs auflisten. Es geht darum, jeden Klick zu optimieren und die Aufmerksamkeit in maximal 0,5 Sekunden zu gewinnen. Ihre Bio ist Ihr interaktiver Lebenslauf, Ihr Online-Shop, Ihr Plan f\u00fcr finanzielle Unabh\u00e4ngigkeit. Mit Linkscale zentralisieren Sie Ihre Premium-Links (OnlyFans, Shop, DMs) ohne Umleitungen, die alles ausbremsen.    <\/p>\n\n<p>Wenn Sie mehr wissen m\u00f6chten, gehen Sie auf das Link-in-Bio-Konzept ein oder lesen Sie unsere Strategien in unserem Blog. Denn Erfolg bedeutet auch, jeden Schritt der Fanreise zu optimieren. Und genau daf\u00fcr, <strong><a href=\"https:\/\/onlygrowth.fans\/go\/linkscale\">Beginnen Sie noch heute mit Linkscale<\/a><\/strong> &#8211; das ist der Punkt, an dem sich das Spiel \u00e4ndert.  <\/p>\n\n<h2 class=\"wp-block-heading\" id=\"why-classic-tools-are-no-longer-enough-enter-linkscale\">Warum klassische Tools nicht mehr ausreichen: Linkscale<\/h2>\n\n<p>Haben Sie jemals versucht, Tr\u00e4ume mit einer Website zu verkaufen, die wie eine Schildkr\u00f6te l\u00e4dt? Die alten Bio-Tools waren f\u00fcr den Anfang ganz nett, aber heute? Sie wiegen 10 kg an Langsamkeit, veraltetem Design und notd\u00fcrftigen Schutzma\u00dfnahmen. Die Algorithmen der sozialen Medien werden immer strenger, die Fans immer anspruchsvoller und Sie verlieren Konversionen wegen eines Tools, das alle 5 Sekunden blinkt.   <\/p>\n\n<p>Linkscale ist das Upgrade, auf das wir gewartet haben. Nicht nur eine &#8222;neue Sache&#8220;, sondern ein Game-Changer mit 3 Obsessionen: Geschwindigkeit, Intelligenz und Konversion. Wir sprechen von Seiten, die sich \u00f6ffnen, bevor Ihr Fan mit dem Scrollen fertig ist, von Links, die gegen Bots gepanzert sind, und von einem System, das Klicks analysiert, um zu erkl\u00e4ren, was und wann Sie boosten sollten. F\u00fcr Kreative, die nicht 10 Stunden am Tag mit der Verwaltung verbringen m\u00f6chten, ist dies ihre neue Waffe.   <\/p>\n\n<p><strong>Beginnen Sie noch heute mit Linkscale<\/strong>, denn Ihr Traffic hat etwas Besseres verdient als die Linkverk\u00fcrzer von 2019.<\/p>\n\n<h2 class=\"wp-block-heading\" id=\"summary-of-our-linkscale-review\">Zusammenfassung unserer Linkscale Bewertung<\/h2>\n\n<p>\u2b50<strong> 9\/10<\/strong><\/p>\n\n<p>Sie haben ein hei\u00dfes OnlyFans-Konto, aber Ihre Bio-Links f\u00fchren dazu, dass Sie Konversionen verlieren? Linkscale ist viel mehr als ein einfaches Biolink-Tool. Es ist der Wachstumshebel, der Ihre Klicks in Einnahmen umwandelt. Mit seinen intelligenten Weiterleitungen, dem KI-Assistenten und den datengesteuerten Analysen ist dieses Tool ein echter Wendepunkt f\u00fcr Creators, die ihren Traffic maximieren m\u00f6chten, ohne sich verr\u00fcckt zu machen.   <\/p>\n\n<figure class=\"wp-block-table\"><table class=\"has-base-background-color has-background has-fixed-layout\"><tbody><tr><td><strong>Vorteile<\/strong><\/td><td><strong>Benachteiligungen<\/strong><\/td><\/tr><tr><td>\u26a1 Wahnsinnige Geschwindigkeit: 0 Sekunden Ladezeit, 0 Abbr\u00fcche<br\/>\ud83d\udeab Kein l\u00e4stiges Cookie-Banner: reibungslose UX<br\/>\ud83d\udee1\ufe0f Bot-gesch\u00fctzte Weiterleitungen: 0 shadowban<br\/>\ud83e\udd16 KI-Assistent zur automatischen Konvertierung Ihrer Fans<br\/>\ud83c\udfa8 Anpassbare Domains: 100% Profi-Branding<br\/>\ud83d\udcca Echtzeit-Analysen: Datenbasierte Entscheidungen<\/td><td>\ud83d\udee0\ufe0f Lernkurve f\u00fcr fortgeschrittene Funktionen<br\/>\ud83d\udce6 Begrenzte kostenlose Version: nicht genug f\u00fcr das Profigesch\u00e4ft<\/td><\/tr><\/tbody><\/table><\/figure>\n\n<a class=\"gb-text OGF-primary\">Starten Sie noch heute mit Linkscale<\/a>\n\n<p><strong>Beginnen Sie noch heute mit Linkscale<\/strong> und lassen Sie kein Geld mehr durch Ihr Instagram-Profil gleiten.<\/p>\n\n<h2 class=\"wp-block-heading\" id=\"linkscale-pricing\">Linkscale Preisgestaltung<\/h2>\n\n<figure class=\"wp-block-table\"><table class=\"has-fixed-layout\"><tbody><tr><td><\/td><td>Kostenlos ($0\/Monat)<\/td><td>Unverzichtbar ($9\/Monat)<\/td><td>Sch\u00f6pfer ($39\/Monat)<\/td><td>Agentur ($69\/Monat)<\/td><\/tr><tr><td>Landing Pages<\/td><td>\u2713<\/td><td>\u2713<\/td><td>\u2713<\/td><td>\u2713<\/td><\/tr><tr><td>Links pro Seite<\/td><td>1<\/td><td>3<\/td><td>50<\/td><td>100<\/td><\/tr><tr><td>Benutzerdefinierte Dom\u00e4nen<\/td><td>\u2713<\/td><td>\u2713 + Favicon<\/td><td>\u2713 + 2 Dom\u00e4nen<\/td><td>\u2713 + 10 Dom\u00e4nen<\/td><\/tr><tr><td>Erweiterte Analytik<\/td><td>\u2717<\/td><td>\u2717<\/td><td>\u2713<\/td><td>\u2713<\/td><\/tr><tr><td>Anti-Bot-Schutz<\/td><td>\u2713<\/td><td>\u2713<\/td><td>\u2713<\/td><td>\u2713<\/td><\/tr><tr><td>Vorrangige Unterst\u00fctzung<\/td><td>\u2717<\/td><td>\u2717<\/td><td>\u2713<\/td><td>\u2713<\/td><\/tr><tr><td>KI-Assistent<\/td><td>\u2717<\/td><td>\u2717<\/td><td>\u2713<\/td><td>\u2713<\/td><\/tr><\/tbody><\/table><\/figure>\n\n<pre class=\"wp-block-preformatted\">Linkscale bietet 4 Pl\u00e4ne an, die sich an Ihre Entwicklung anpassen. Der kostenlose Plan ist ideal zum Testen: 1 gesch\u00fctzter Link, 1 benutzerdefinierte Domain und keine Kosten. Der Essential-Plan schaltet die Grundlagen frei: 3 gesch\u00fctzte Links, ein benutzerdefiniertes Favicon, erweiterte Statistiken und ein markenfreies Erlebnis. Aber der eigentliche Clou? Der Creator-Plan: 50 gesch\u00fctzte Links, 24\/7-Support, 2 Premium-Domains, mit denen Sie Ihre Kampagnen variieren k\u00f6nnen, ohne dass Sie geflaggt werden. Sie brauchen mehr Flexibilit\u00e4t? Der Agency-Plan bietet 10 Pro-Domains, ideal f\u00fcr die Verwaltung mehrerer Konten oder Teams.      <br\/><br\/><strong><a href=\"https:\/\/onlygrowth.fans\/go\/linkscale\" target=\"_blank\" rel=\"noreferrer noopener nofollow\">Beginnen Sie noch heute mit Linkscale<\/a><\/strong> und vergessen Sie, dass Bots Ihren Traffic fressen.<\/pre>\n\n<p><\/p>\n\n<h3 class=\"wp-block-heading\" id=\"our-opinion-on-linkscale-pricing\">Unsere Meinung zu Linkscale Preisen<\/h3>\n\n<p>9 $\/Monat f\u00fcr einen Basisplan oder 39 $ f\u00fcr das Komplettangebot? Wir geben zu, Sie m\u00fcssen es wagen. Aber Spoiler-Alarm: ein OnlyFans-Abonnent, der dank Ihrer gesch\u00fctzten Links konvertiert wird, macht die Investition 10-fach wett. Mit dem Creator-Abo profitieren Sie von einem KI-Assistenten, der Ihre Fans anleitet, von ultrapr\u00e4zisen Statistiken zur Optimierung Ihres Spiels und von schnellem Support im Falle von Problemen. Kein Cookie-Banner, das die Klickrate t\u00f6tet, Weiterleitungen in 0,3 Sekunden und eine Domain-Verwaltung, die Sperren auf TikTok\/Instagram vermeidet &#8211; das sind $39 wert, um ruhig zu schlafen. Der Agency-Plan bietet Luxus mit 10 Premium-Domains, die ohne Stress skaliert werden k\u00f6nnen. Das ist kein Preis, sondern Ihr Ticket, um Profi zu werden, ohne verr\u00fcckt zu werden.      <\/p>\n\n<h2 class=\"wp-block-heading\" id=\"linkscale-for-whom\">Linkscale: f\u00fcr wen?<\/h2>\n\n<p>Ersteller von Inhalten f\u00fcr Erwachsene, wir wissen, was Sie durchmachen. Sie ver\u00f6ffentlichen tolle Inhalte, aber Ihre Abonnenten konvertieren nicht? Sie k\u00e4mpfen mit langsamen Tools, durch die Ihnen Einnahmen entgehen? Linkscale ist hier, um alles zu \u00e4ndern. Dieses Bio-Link-Tool wurde f\u00fcr Plattformen wie OnlyFans oder MYM entwickelt und verwandelt Ihre soziale Pr\u00e4senz in eine Konversionsmaschine.    <\/p>\n\n<p>Dank intelligenter Weiterleitungen und Bot-Schutz ist jeder Klick Gold wert. Linkscale eliminiert Ladezeiten dank Rekordgeschwindigkeit. Sie m\u00f6chten ein individuelles Branding? Anpassungsoptionen (Farben, Logo, eigene Domain) st\u00e4rken Ihr professionelles Image, das Ihrem Universum entspricht. Und mit Echtzeitstatistiken steuern Sie Ihre Strategie wie ein Profi: Analysieren Sie Traffic-Quellen, Konversionsraten und passen Sie Ihre Kampagnen live an.    <\/p>\n\n<ul class=\"wp-block-list\">\n<li><strong>Sie m\u00f6chten jeden Klick in Ihren sozialen Netzwerken maximieren?<\/strong>  Linkscale verwandelt Ihre Bio in ein 24\/7-Schaufenster, das auf den ersten Blick Aufmerksamkeit erregt.<\/li>\n\n\n\n<li><strong>Sie haben genug von langsamen Tools, die Ihre Chancen zunichte machen?<\/strong>  Mit einer Rekordladegeschwindigkeit vermeidet Linkscale Abbr\u00fcche.<\/li>\n\n\n\n<li><strong>Sie tr\u00e4umen von einem tadellosen Branding, das zu 100 % personalisiert ist?<\/strong>  Gestalten Sie Ihre Seite mit Farben, Ihrem Logo und einer eigenen Domain f\u00fcr einen erstklassigen Look.<\/li>\n\n\n\n<li><strong>Sie sind auf der Suche nach zuverl\u00e4ssigen Statistiken, um Ihre Strategie zu optimieren?<\/strong>  Detaillierte Metriken (Conversion Rates und Traffic-Quellen) werden zu Ihren Verb\u00fcndeten bei der Steigerung Ihrer Einnahmen.<\/li>\n<\/ul>\n\n<p>Ob Sie nun Influencer, Coach, K\u00fcnstler oder Freiberufler sind, Linkscale ist Ihr Verb\u00fcndeter. Mit einem Wachstumspartner wie OnlyGrowth.fans k\u00f6nnen Sie sich auf die Kreation konzentrieren, w\u00e4hrend wir uns um den Rest k\u00fcmmern. M\u00f6chten Sie Ihren Traffic steigern, ohne sich zu verausgaben? <strong>Starten Sie noch heute mit Linkscale<\/strong>.  <\/p>\n\n<h2 class=\"wp-block-heading\" id=\"feature-list\">Funktionsliste<\/h2>\n\n<h3 class=\"wp-block-heading\" id=\"conversion-optimized-landing-pages\">Conversion-optimierte Landing Pages<\/h3>\n\n<p>Linkscale ist eine echte Herausforderung f\u00fcr Ihre Landing Pages. Wir sprechen von sofortigem Laden, ohne Verz\u00f6gerung, was Ihre Fans in die Flucht schl\u00e4gt. <\/p>\n\n<p>Das Verr\u00fcckte daran? Ihre Links werden direkt im nativen Browser ge\u00f6ffnet, nicht in der IG-App. Denn wir wissen, dass es die Konversionsrate senkt, wenn sie in der App ge\u00f6ffnet wird.  <\/p>\n\n<p>Und das T\u00fcpfelchen auf dem i: kein Cookie-Banner, das den Fluss unterbricht. Weniger Reibung = mehr Klicks, die ihr Ziel erreichen. Das ist keine Raketenwissenschaft, aber es funktioniert hervorragend.  <\/p>\n\n<figure class=\"wp-block-image size-large\"><img loading=\"lazy\" decoding=\"async\" width=\"1024\" height=\"489\" src=\"https:\/\/onlygrowth.fans\/wp-content\/uploads\/2025\/08\/Screenshot-2025-08-01-at-13.15.21-1024x489.png\" alt=\"Linkscale.to bietet ein intuitives Dashboard zur Konfiguration Ihrer Link-in-Bio\" class=\"wp-image-1076\" srcset=\"https:\/\/onlygrowth.fans\/wp-content\/uploads\/2025\/08\/Screenshot-2025-08-01-at-13.15.21-1024x489.png 1024w, https:\/\/onlygrowth.fans\/wp-content\/uploads\/2025\/08\/Screenshot-2025-08-01-at-13.15.21-300x143.png 300w, https:\/\/onlygrowth.fans\/wp-content\/uploads\/2025\/08\/Screenshot-2025-08-01-at-13.15.21-768x367.png 768w, https:\/\/onlygrowth.fans\/wp-content\/uploads\/2025\/08\/Screenshot-2025-08-01-at-13.15.21-1536x733.png 1536w, https:\/\/onlygrowth.fans\/wp-content\/uploads\/2025\/08\/Screenshot-2025-08-01-at-13.15.21-scaled.png 2048w\" sizes=\"auto, (max-width: 1024px) 100vw, 1024px\" \/><\/figure>\n\n<h3 class=\"wp-block-heading\" id=\"intelligent-redirections-and-anti-bot\">Intelligente Umleitungen und Anti-Bot<\/h3>\n\n<p>Bots sind der Staatsfeind Nr. 1, wenn Sie Links versenden. Diese Roboter-Schlampen verunreinigen Ihre Statistiken und ruinieren Ihre Referenzierung. <\/p>\n\n<p>Mit Linkscale stellen Sie einen Schutzschild zwischen sich und diese St\u00f6renfriede. Das Tool filtert den gesamten Datenverkehr, so dass nur echte Menschen auf Ihre Links klicken k\u00f6nnen. <\/p>\n\n<p>Stellen Sie sich vor, es w\u00e4re Ihr digitaler Leibw\u00e4chter. Nur dass er Ihnen nicht den Sch\u00e4del einschl\u00e4gt, sondern Ihr Unternehmen sch\u00fctzt. Das ist kein Luxus, wenn Sie Wachstum anstreben.  <\/p>\n\n<h3 class=\"wp-block-heading\" id=\"dedicated-domains-for-pro-branding\">Dedizierte Domains f\u00fcr professionelles Branding<\/h3>\n\n<p>Ihr Image ist Ihre Marke. Warum sollten Sie also mit einem Link wie &#8222;linktr.ee\/ihrpseudo&#8220; herumlaufen? <\/p>\n\n<p>Mit Linkscale k\u00f6nnen Sie eine Domain wie &#8222;IhrDing.com&#8220; f\u00fcr Ihre Links verwenden. Das ist sauber, es ist professionell und es beruhigt Ihr Publikum wirklich. <\/p>\n\n<p>Wir sprechen hier von Ihrem digitalen Territorium. Ihre Domain ist Ihre Online-Identit\u00e4t. Und mit Linkscale sind Sie auf Ihrer Linkseite zu Hause.  <\/p>\n\n<h3 class=\"wp-block-heading\" id=\"integrated-assistant-the-bot-that-works-for-you\">Integrierter Assistent: der Bot, der f\u00fcr Sie arbeitet<\/h3>\n\n<p>Stellen Sie sich einen Freund vor, der Ihnen auf Ihrer Link-Seite zur Hand geht. So etwas wie ein pers\u00f6nlicher Assistent, aber in digitaler Form. <\/p>\n\n<p>Der Linkscale-Bot hei\u00dft Ihre Besucher direkt willkommen, leitet sie zu Ihren aktuellen Angeboten, Ihren Promos und Ihrem OnlyFans-Hauptlink. Er ist f\u00fcr Sie aktiv und konvertiert f\u00fcr Sie. <\/p>\n\n<p>Es ist, als h\u00e4tten Sie einen Freund, der 24\/7 f\u00fcr Sie arbeitet. Nur dass er nie schl\u00e4ft und immer f\u00fcr Ihre Fans da ist. <\/p>\n\n<h3 class=\"wp-block-heading\" id=\"advanced-analytics-to-pilot-your-growth\">Erweiterte Analysen zur Steuerung Ihres Wachstums<\/h3>\n\n<p>Machen wir uns nichts vor: Blindlings zu navigieren ist ein Verlust. Mit Linkscale haben Sie ultrapr\u00e4zise Statistiken, um zu wissen, was funktioniert und was schlecht ist. <\/p>\n\n<blockquote class=\"wp-block-quote is-layout-flow wp-block-quote-is-layout-flow\">\n<p>&#8222;H\u00f6ren Sie auf zu raten, was funktioniert. Mit pr\u00e4zisen Analysen basiert jede Entscheidung, die Sie f\u00fcr Ihre Inhalte treffen, auf Beweisen, nicht auf Hoffnungen.&#8220;<\/p>\n<\/blockquote>\n\n<p>Sie erfahren live, welche Links den Erfolg zunichte machen, woher Ihre Besucher kommen und vor allem, wie Sie Ihre Strategie optimieren k\u00f6nnen, um die Z\u00e4hler in die H\u00f6he zu treiben.<\/p>\n\n<a class=\"gb-text OGF-primary\" href=\"\/go\/linkscale\" target=\"_blank\" rel=\"noopener nofollow\">Testen Sie Linkscale noch heute<\/a>\n\n<p><strong><strong><a href=\"http:\/\/onlygrowth.fans\/go\/linkscale\" data-type=\"link\" data-id=\"http:\/\/onlygrowth.fans\/go\/linkscale\" target=\"_blank\" rel=\"noreferrer noopener nofollow\">Starten Sie noch heute mit Linkscale<\/a><\/strong> <\/strong> und h\u00f6ren Sie auf, Ihre Zeit mit Tools zu verschwenden, mit denen Sie Ihre Chancen verpassen.<\/p>\n\n<h2 class=\"wp-block-heading\" id=\"customer-reviews\">Kundenrezensionen<\/h2>\n\n<p>Linkscale ist ein neues Tool, so dass detaillierte R\u00fcckmeldungen noch in Arbeit sind. Aber das ist eigentlich ein Zeichen: Wir sprechen hier \u00fcber etwas Neues, mit einem Konzept, das die Codes bricht. Die ersten Benutzer? Sie \u00e4u\u00dfern sich bereits deutlich zu zwei Punkten, die den Unterschied ausmachen.   <\/p>\n\n<p>Fr\u00fche Anwender heben vor allem die beunruhigende Geschwindigkeit von Linkscale hervor. Wir sprechen hier von einem Tool, das Ihre Konversionen vom ersten Klick an steigert, ohne Latenz, die Sie ausbremst. An zweiter Stelle? Sein Anti-Bot-Schutzsystem, das gef\u00e4lschte Profile sehr effektiv herausfiltert. Funktionen, die begeistern, auch wenn die Bewertungen im Moment noch begrenzt sind.    <\/p>\n\n<p>Keine Panik: Das Feedback wird Sie \u00fcberfluten. In der Zwischenzeit k\u00f6nnen Sie Plattformen wie Product Hunt, Capterra oder G2 beobachten. Auf diesen technischen Plattformen k\u00f6nnen Sie die Entwicklung der Nutzerbewertungen live verfolgen. Und glauben Sie uns, der Umweg lohnt sich. <strong><strong><a href=\"http:\/\/onlygrowth.fans\/go\/linkscale\" data-type=\"link\" data-id=\"http:\/\/onlygrowth.fans\/go\/linkscale\" target=\"_blank\" rel=\"noreferrer noopener nofollow\">Beginnen Sie noch heute mit Linkscale<\/a><\/strong> <\/strong> um zu testen, bevor alle dar\u00fcber reden.   <\/p>\n\n<h2 class=\"wp-block-heading\" id=\"final-verdict\">Endg\u00fcltiges Urteil<\/h2>\n\n<p>Linkscale ist nicht nur ein weiterer &#8222;Link in Bio&#8220;. Es ist Ihr superstarker Conversion Stack. Wir sprechen hier von einem Tool, das Geschwindigkeit, Sicherheit und Anpassungsf\u00e4higkeit kombiniert, um Ihren Traffic in Geld zu verwandeln. Schluss mit miserablen Weiterleitungen oder Seiten, die wie eine Website aus dem Jahr 2000 aussehen. Hier haben Sie optimierte Seiten ohne Cookie-Banner, gepanzerte Domains und einen Bot, der Ihre hei\u00dfen Fans konvertiert. Stellen Sie sich einen Bot vor, der Ihre DMs filtert, Ihren Fans Upsells vorschl\u00e4gt und Ihre Einnahmen steigert, ohne dass Sie dasselbe 100 Mal wiederholen m\u00fcssen. 90% der Kreativen ignorieren dieses Juwel immer noch.      <\/p>\n\n<p>Sie m\u00f6chten Ihre Konversionen verdoppeln? Mit Linkscale k\u00f6nnen Sie Ihren Traffic sichern, Ihren Fans ein reibungsloses Erlebnis bieten und alles live verfolgen. Kein versteckter Blickverlust, keine l\u00e4stige Umleitung auf 3 verschiedene Plattformen. Einfach ein Tool, das 24\/7 f\u00fcr Sie arbeitet. Und was die Preise angeht? Egal, ob Sie mit dem kostenlosen Plan beginnen oder sich f\u00fcr den Creator f\u00fcr 39 $\/Monat entscheiden, jede Formel beinhaltet Echtzeit-Analysen und benutzerdefinierte Domains. Keine versteckten Geb\u00fchren, nur ein Tool, das mit Ihrem Wachstum mitw\u00e4chst. Die ersten, die es ausprobieren, verzeichnen durchschnittlich +40% Umsatz in 30 Tagen.       <\/p>\n\n<p>Genug der Theorie. Der eigentliche Test besteht darin, es auszuprobieren. Sind Sie bereit, Ihren &#8222;Link in Bio&#8220; in eine Geldmaschine zu verwandeln?  <\/p>\n\n<p><strong><strong><a href=\"http:\/\/onlygrowth.fans\/go\/linkscale\" data-type=\"link\" data-id=\"http:\/\/onlygrowth.fans\/go\/linkscale\" target=\"_blank\" rel=\"noreferrer noopener nofollow\">Starten Sie noch heute mit Linkscale<\/a><\/strong> <\/strong> \ud83d\ude80. Ihr OnlyFans Konto wird es lieben. Sie sind nur einen Klick davon entfernt, Ihr Leben zu vereinfachen und Ihre Einnahmen zu steigern.  <\/p>\n\n<a class=\"gb-text OGF-primary\">Starten Sie noch heute mit Linkscale<\/a>\n\n<p>Verwandeln Sie jeden Klick in Umsatz. Mit seiner Geschwindigkeit, seinem Anti-Bot-Schutz und seinen pr\u00e4zisen Analysen optimiert es Ihre Konversion ohne Kopfschmerzen. Sind Sie bereit, ernsthaft zu monetarisieren? Klicken Sie hier und steigern Sie Ihren Traffic mit Linkscale &#8211; Ihr Geldbeutel wird es Ihnen danken.   <\/p>\n","protected":false},"excerpt":{"rendered":"<p>Ihr Link-in-Bio ist Ihr Tor zur Konversion. Linkscale erfindet das Konzept mit ultraschnellen Seiten, einem KI-Assistenten und pr\u00e4zisen Analysen zur Optimierung jedes Klicks neu. Vergessen Sie langsame oder anf\u00e4llige Tools: Hier erhalten Sie Bot-Filterung und Link-Sicherheit. Benutzerdefinierte Domains und Anti-Bot-Schutz st\u00e4rken Ihr professionelles Image. Flexible Preise ($0 bis $69\/Monat) f\u00fcr ein Tool, das Traffic in &#8230; <a title=\"Linkscale.to &#8211; Das leistungsf\u00e4higste Link-in-Bio-Tool auf dem Markt\" class=\"read-more\" href=\"https:\/\/onlygrowth.fans\/de\/top-3-link-in-bio-tools-fuer-autoren-von-inhalten-fuer-erwachsene-2025-%f0%9f%8f%86\/linkscale-to-das-leistungsfaehigste-link-in-bio-tool-auf-dem-markt\/\" aria-label=\"Mehr Informationen \u00fcber Linkscale.to &#8211; Das leistungsf\u00e4higste Link-in-Bio-Tool auf dem Markt\">Weiterlesen &#8230;<\/a><\/p>\n","protected":false},"author":1,"featured_media":0,"parent":1691,"menu_order":0,"comment_status":"closed","ping_status":"closed","template":"","meta":{"footnotes":""},"class_list":["post-1677","page","type-page","status-publish"],"_links":{"self":[{"href":"https:\/\/onlygrowth.fans\/de\/wp-json\/wp\/v2\/pages\/1677","targetHints":{"allow":["GET"]}}],"collection":[{"href":"https:\/\/onlygrowth.fans\/de\/wp-json\/wp\/v2\/pages"}],"about":[{"href":"https:\/\/onlygrowth.fans\/de\/wp-json\/wp\/v2\/types\/page"}],"author":[{"embeddable":true,"href":"https:\/\/onlygrowth.fans\/de\/wp-json\/wp\/v2\/users\/1"}],"replies":[{"embeddable":true,"href":"https:\/\/onlygrowth.fans\/de\/wp-json\/wp\/v2\/comments?post=1677"}],"version-history":[{"count":1,"href":"https:\/\/onlygrowth.fans\/de\/wp-json\/wp\/v2\/pages\/1677\/revisions"}],"predecessor-version":[{"id":1680,"href":"https:\/\/onlygrowth.fans\/de\/wp-json\/wp\/v2\/pages\/1677\/revisions\/1680"}],"up":[{"embeddable":true,"href":"https:\/\/onlygrowth.fans\/de\/wp-json\/wp\/v2\/pages\/1691"}],"wp:attachment":[{"href":"https:\/\/onlygrowth.fans\/de\/wp-json\/wp\/v2\/media?parent=1677"}],"curies":[{"name":"wp","href":"https:\/\/api.w.org\/{rel}","templated":true}]}}