{"id":1723,"date":"2021-05-30T19:22:12","date_gmt":"2021-05-30T17:22:12","guid":{"rendered":"https:\/\/onlygrowth.fans\/kontakt\/"},"modified":"2025-08-14T22:58:23","modified_gmt":"2025-08-14T20:58:23","slug":"kontakt","status":"publish","type":"page","link":"https:\/\/onlygrowth.fans\/de\/kontakt\/","title":{"rendered":"Kontakt"},"content":{"rendered":"\n<section class=\"gb-element-43481f6b\">\n<div class=\"gb-element-c206eade\">\n<div class=\"gb-element-09bda738 \/* Wrapper *\/ .og-contact-wrapper {   max-width: 600px;   margin: 0 auto;   background: #fff;   padding: 2rem;   border-radius: 16px;   box-shadow: 0 8px 20px rgba(0,0,0,0.05); }  \/* Titles *\/ .og-contact-title {   font-size: 1.8rem;   margin-bottom: 0.3rem;   text-align: center;   color: #ff4f8b;   font-weight: 700; }  .og-contact-subtitle {   text-align: center;   font-size: 1rem;   color: #555;   margin-bottom: 1.5rem; }  \/* Layout *\/ .og-contact-row {   display: flex;   gap: 1rem;   flex-wrap: wrap; }  .og-contact-field {   flex: 1;   display: flex;   flex-direction: column;   margin-bottom: 1rem; }  \/* Inputs *\/ .og-contact-field input, .og-contact-field textarea {   border: 1px solid #ddd;   padding: 0.9rem;   border-radius: 8px;   font-size: 1rem;   font-family: inherit;   background-color: #f9f9f9;   transition: border-color 0.2s ease, background-color 0.2s ease; }  .og-contact-field input:focus, .og-contact-field textarea:focus {   border-color: #ff4f8b;   background-color: #fff;   outline: none; }  \/* Button *\/ .og-contact-button input[type=&quot;submit&quot;] {   background-color: #ff4f8b;   color: white;   font-size: 1.1rem;   padding: 0.9rem 1.5rem;   border-radius: 8px;   border: none;   cursor: pointer;   width: 100%;   transition: background-color 0.3s ease; }  .og-contact-button input[type=&quot;submit&quot;]:hover {   background-color: #e03d75; }\">\n<p class=\"gb-text gb-text-e2654a0d\"><\/p>\n\n\n\n<div class=\"wp-block-contact-form-7-contact-form-selector\">\n<div class=\"wpcf7 no-js\" id=\"wpcf7-f1732-o1\" lang=\"de-DE\" dir=\"ltr\" data-wpcf7-id=\"1732\">\n<div class=\"screen-reader-response\"><p role=\"status\" aria-live=\"polite\" aria-atomic=\"true\"><\/p> <ul><\/ul><\/div>\n<form action=\"\/de\/wp-json\/wp\/v2\/pages\/1723#wpcf7-f1732-o1\" method=\"post\" class=\"wpcf7-form init\" aria-label=\"Kontaktformular\" enctype=\"multipart\/form-data\" novalidate=\"novalidate\" data-status=\"init\">\n<fieldset class=\"hidden-fields-container\"><input type=\"hidden\" name=\"_wpcf7\" value=\"1732\" \/><input type=\"hidden\" name=\"_wpcf7_version\" value=\"6.1.5\" \/><input type=\"hidden\" name=\"_wpcf7_locale\" value=\"de_DE\" \/><input type=\"hidden\" name=\"_wpcf7_unit_tag\" value=\"wpcf7-f1732-o1\" \/><input type=\"hidden\" name=\"_wpcf7_container_post\" value=\"0\" \/><input type=\"hidden\" name=\"_wpcf7_posted_data_hash\" value=\"\" \/>\n<\/fieldset>\n<p><label> Ihr Name<br \/>\n<span class=\"wpcf7-form-control-wrap\" data-name=\"your-name\"><input size=\"40\" maxlength=\"400\" class=\"wpcf7-form-control wpcf7-text wpcf7-validates-as-required\" autocomplete=\"name\" aria-required=\"true\" aria-invalid=\"false\" value=\"\" type=\"text\" name=\"your-name\" \/><\/span> <\/label>\n<\/p>\n<p><label> Landkreis\/Region<br \/>\n<span class=\"wpcf7-form-control-wrap\" data-name=\"your-country\"><input size=\"40\" maxlength=\"400\" class=\"wpcf7-form-control wpcf7-text wpcf7-validates-as-required\" aria-required=\"true\" aria-invalid=\"false\" value=\"\" type=\"text\" name=\"your-country\" \/><\/span> <\/label>\n<\/p>\n<p><label> Ihre E-Mail<br \/>\n<span class=\"wpcf7-form-control-wrap\" data-name=\"your-email\"><input size=\"40\" maxlength=\"400\" class=\"wpcf7-form-control wpcf7-email wpcf7-validates-as-required wpcf7-text wpcf7-validates-as-email\" autocomplete=\"email\" aria-required=\"true\" aria-invalid=\"false\" value=\"\" type=\"email\" name=\"your-email\" \/><\/span> <\/label>\n<\/p>\n<p><label> Ihre Telefonnummer<br \/>\n<span class=\"wpcf7-form-control-wrap\" data-name=\"your-phone\"><input size=\"40\" maxlength=\"400\" class=\"wpcf7-form-control wpcf7-tel wpcf7-validates-as-required wpcf7-text wpcf7-validates-as-tel\" autocomplete=\"phone\" aria-required=\"true\" aria-invalid=\"false\" value=\"\" type=\"tel\" name=\"your-phone\" \/><\/span> <\/label>\n<\/p>\n<p><label> Ihr Twitter<br \/>\n<span class=\"wpcf7-form-control-wrap\" data-name=\"your-twitter\"><input size=\"40\" maxlength=\"400\" class=\"wpcf7-form-control wpcf7-text\" autocomplete=\"link\" aria-invalid=\"false\" value=\"\" type=\"text\" name=\"your-twitter\" \/><\/span> <\/label>\n<\/p>\n<p><label> Ihr Instagram<br \/>\n<span class=\"wpcf7-form-control-wrap\" data-name=\"your-instagram\"><input size=\"40\" maxlength=\"400\" class=\"wpcf7-form-control wpcf7-text wpcf7-validates-as-required\" autocomplete=\"link\" aria-required=\"true\" aria-invalid=\"false\" value=\"\" type=\"text\" name=\"your-instagram\" \/><\/span> <\/label>\n<\/p>\n<p><label> Ihre Nachricht (optional)<br \/>\n<span class=\"wpcf7-form-control-wrap\" data-name=\"your-message\"><textarea cols=\"40\" rows=\"10\" maxlength=\"2000\" class=\"wpcf7-form-control wpcf7-textarea\" aria-invalid=\"false\" name=\"your-message\"><\/textarea><\/span> <\/label>\n<\/p>\n<p><label> Laden Sie ein Foto oder Video von Ihnen hoch<br \/>\n<span class=\"wpcf7-form-control-wrap\" data-name=\"file-832\"><input size=\"40\" class=\"wpcf7-form-control wpcf7-file\" accept=\"audio\/*,video\/*,image\/*\" aria-invalid=\"false\" type=\"file\" name=\"file-832\" \/><\/span><br \/>\n<input class=\"wpcf7-form-control wpcf7-submit has-spinner\" type=\"submit\" value=\"Einreichen\" \/><\/label>\n<\/p><div class=\"wpcf7-response-output\" aria-hidden=\"true\"><\/div>\n<\/form>\n<\/div>\n<\/div>\n<\/div>\n\n\n\n<div class=\"gb-element-67c52515\">\n<h2 class=\"gb-text-caf0cbdf\"><span class=\"gb-shape\"><svg xmlns=\"http:\/\/www.w3.org\/2000\/svg\" viewbox=\"0 0 80 42\" data-name=\"subtract\"><path fill=\"CurrentColor\" d=\"M0 20.06h80v1.87H0z\"><\/path><\/svg><\/span><span class=\"gb-text\">Kontaktieren Sie uns<\/span><\/h2>\n\n\n\n<h2 class=\"gb-text gb-text-81fe532e\"><strong>\ud83d\udea8 Die Pl\u00e4tze sind begrenzt<\/strong><br><strong>&#8211; Jetzt bewerben<\/strong> \ud83d\udea8<\/h2>\n\n\n\n<p class=\"gb-text gb-text-b89dd42e\">Bei <strong>onlygrowth.fans<\/strong> arbeiten wir eng mit jedem unserer Models zusammen, was bedeutet, dass wir jeweils nur eine <strong>sehr begrenzte Anzahl neuer Talente<\/strong> akzeptieren.<br>Wenn Sie es mit dem Wachstum Ihrer Marke ernst meinen und bereit sind, die Dinge auf die n\u00e4chste Stufe zu heben, m\u00f6chten wir von Ihnen h\u00f6ren!<br>\ud83d\udc49 <strong>Bitte f\u00fcllen Sie das Bewerbungsformular sorgf\u00e4ltig und so detailliert wie m\u00f6glich aus<\/strong> &#8211; das hilft uns, die beste Eignung f\u00fcr unser exklusives Roster zu ermitteln.<\/p>\n\n\n\n<div class=\"gb-element-91314dd0\">\n<div class=\"gb-element-5d4a954b\">\n<p>hallo[at]onlygrowth.fans<\/p>\n\n\n\n<p class=\"gb-text gb-text-8fda2428\"><\/p>\n<\/div>\n<\/div>\n\n\n\n<h4 class=\"gb-text-b2407bad\"><span class=\"gb-shape\"><svg xmlns=\"http:\/\/www.w3.org\/2000\/svg\" data-name=\"subtract\" viewbox=\"0 0 80 42\"><path fill=\"CurrentColor\" d=\"M0 20.06h80v1.87H0z\"><\/path><\/svg><\/span><span class=\"gb-text\">Folgen Sie uns<\/span><\/h4>\n\n\n\n<div class=\"gb-element-a45e07c6\">\n<a class=\"gb-text-63d93230\" href=\"http:\/\/youtube.com\/@onlygrowthfans\" target=\"_blank\" rel=\"noopener\"><span class=\"gb-shape\"><svg xmlns=\"http:\/\/www.w3.org\/2000\/svg\" aria-hidden=\"true\" role=\"img\" height=\"1em\" width=\"1em\" viewbox=\"0 0 576 512\"><path fill=\"currentColor\" d=\"M549.655 124.083c-6.281-23.65-24.787-42.276-48.284-48.597C458.781 64 288 64 288 64S117.22 64 74.629 75.486c-23.497 6.322-42.003 24.947-48.284 48.597-11.412 42.867-11.412 132.305-11.412 132.305s0 89.438 11.412 132.305c6.281 23.65 24.787 41.5 48.284 47.821C117.22 448 288 448 288 448s170.78 0 213.371-11.486c23.497-6.321 42.003-24.171 48.284-47.821 11.412-42.867 11.412-132.305 11.412-132.305s0-89.438-11.412-132.305zm-317.51 213.508V175.185l142.739 81.205-142.739 81.201z\"><\/path><\/svg><\/span><\/a>\n\n\n\n<a class=\"gb-text-d30253c8\" href=\"http:\/\/instagram.com\/onlygrowthfans\" target=\"_blank\" rel=\"noopener\"><span class=\"gb-shape\"><svg xmlns=\"http:\/\/www.w3.org\/2000\/svg\" aria-hidden=\"true\" role=\"img\" height=\"1em\" width=\"1em\" viewbox=\"0 0 448 512\"><path fill=\"currentColor\" d=\"M224.1 141c-63.6 0-114.9 51.3-114.9 114.9s51.3 114.9 114.9 114.9S339 319.5 339 255.9 287.7 141 224.1 141zm0 189.6c-41.1 0-74.7-33.5-74.7-74.7s33.5-74.7 74.7-74.7 74.7 33.5 74.7 74.7-33.6 74.7-74.7 74.7zm146.4-194.3c0 14.9-12 26.8-26.8 26.8-14.9 0-26.8-12-26.8-26.8s12-26.8 26.8-26.8 26.8 12 26.8 26.8zm76.1 27.2c-1.7-35.9-9.9-67.7-36.2-93.9-26.2-26.2-58-34.4-93.9-36.2-37-2.1-147.9-2.1-184.9 0-35.8 1.7-67.6 9.9-93.9 36.1s-34.4 58-36.2 93.9c-2.1 37-2.1 147.9 0 184.9 1.7 35.9 9.9 67.7 36.2 93.9s58 34.4 93.9 36.2c37 2.1 147.9 2.1 184.9 0 35.9-1.7 67.7-9.9 93.9-36.2 26.2-26.2 34.4-58 36.2-93.9 2.1-37 2.1-147.8 0-184.8zM398.8 388c-7.8 19.6-22.9 34.7-42.6 42.6-29.5 11.7-99.5 9-132.1 9s-102.7 2.6-132.1-9c-19.6-7.8-34.7-22.9-42.6-42.6-11.7-29.5-9-99.5-9-132.1s-2.6-102.7 9-132.1c7.8-19.6 22.9-34.7 42.6-42.6 29.5-11.7 99.5-9 132.1-9s102.7-2.6 132.1 9c19.6 7.8 34.7 22.9 42.6 42.6 11.7 29.5 9 99.5 9 132.1s2.7 102.7-9 132.1z\"><\/path><\/svg><\/span><\/a>\n<\/div>\n<\/div>\n<\/div>\n<\/section>\n\n<p><\/p>\n","protected":false},"excerpt":{"rendered":"<p>Kontaktieren Sie uns \ud83d\udea8 Die Pl\u00e4tze sind begrenzt&#8211; Jetzt bewerben \ud83d\udea8 Bei onlygrowth.fans arbeiten wir eng mit jedem unserer Models zusammen, was bedeutet, dass wir jeweils nur eine sehr begrenzte Anzahl neuer Talente akzeptieren.Wenn Sie es mit dem Wachstum Ihrer Marke ernst meinen und bereit sind, die Dinge auf die n\u00e4chste Stufe zu heben, m\u00f6chten &#8230; <a title=\"Kontakt\" class=\"read-more\" href=\"https:\/\/onlygrowth.fans\/de\/kontakt\/\" aria-label=\"Mehr Informationen \u00fcber Kontakt\">Weiterlesen &#8230;<\/a><\/p>\n","protected":false},"author":1,"featured_media":0,"parent":0,"menu_order":0,"comment_status":"closed","ping_status":"closed","template":"","meta":{"footnotes":""},"class_list":["post-1723","page","type-page","status-publish"],"_links":{"self":[{"href":"https:\/\/onlygrowth.fans\/de\/wp-json\/wp\/v2\/pages\/1723","targetHints":{"allow":["GET"]}}],"collection":[{"href":"https:\/\/onlygrowth.fans\/de\/wp-json\/wp\/v2\/pages"}],"about":[{"href":"https:\/\/onlygrowth.fans\/de\/wp-json\/wp\/v2\/types\/page"}],"author":[{"embeddable":true,"href":"https:\/\/onlygrowth.fans\/de\/wp-json\/wp\/v2\/users\/1"}],"replies":[{"embeddable":true,"href":"https:\/\/onlygrowth.fans\/de\/wp-json\/wp\/v2\/comments?post=1723"}],"version-history":[{"count":1,"href":"https:\/\/onlygrowth.fans\/de\/wp-json\/wp\/v2\/pages\/1723\/revisions"}],"predecessor-version":[{"id":1724,"href":"https:\/\/onlygrowth.fans\/de\/wp-json\/wp\/v2\/pages\/1723\/revisions\/1724"}],"wp:attachment":[{"href":"https:\/\/onlygrowth.fans\/de\/wp-json\/wp\/v2\/media?parent=1723"}],"curies":[{"name":"wp","href":"https:\/\/api.w.org\/{rel}","templated":true}]}}