{"id":1685,"date":"2025-08-01T15:32:36","date_gmt":"2025-08-01T13:32:36","guid":{"rendered":"https:\/\/onlygrowth.fans\/linkscale-to-la-herramienta-link-in-bio-mas-potente-del-mercado\/"},"modified":"2025-08-14T22:52:40","modified_gmt":"2025-08-14T20:52:40","slug":"linkscale-to-la-herramienta-link-in-bio-mas-potente-del-mercado","status":"publish","type":"page","link":"https:\/\/onlygrowth.fans\/es\/las-3-mejores-herramientas-de-enlace-en-la-biografia-para-creadores-de-contenidos-para-adultos-2025-%f0%9f%8f%86\/linkscale-to-la-herramienta-link-in-bio-mas-potente-del-mercado\/","title":{"rendered":"Linkscale.to &#8211; La herramienta Link-in-Bio m\u00e1s potente del mercado"},"content":{"rendered":"\n<p>Tu enlace-en-biograf\u00eda es tu puerta de conversi\u00f3n. Linkscale reinventa el concepto con p\u00e1ginas ultrarr\u00e1pidas, un asistente de IA y an\u00e1lisis precisos para optimizar cada clic. Olv\u00eddate de herramientas lentas o vulnerables: aqu\u00ed tienes filtrado de bots y seguridad de enlaces. Los dominios personalizados y la protecci\u00f3n anti-bot refuerzan tu imagen profesional.   <\/p>\n\n<p>Precios flexibles (de 0 a 69 $\/mes) para una herramienta que transforma el tr\u00e1fico en dinero. No necesitas ser un profesional: un buen enlace es la palanca clave para tu crecimiento. <\/p>\n\n<a class=\"gb-text OGF-primary\" href=\"\/go\/linkscale\" target=\"_blank\" rel=\"noopener nofollow\">Prueba linkscale hoy<\/a>\n\n<p>\u00bfTu enlace en la biograf\u00eda que parece una lista de la compra cuando tienes un contenido matador? S\u00f3lo consigues un clic por perfil para convertir, y te das cuenta de que perder suscriptores por culpa de una p\u00e1gina lenta o fea es dinero tirado a la basura. Linkscale es la herramienta de enlaces en biograf\u00eda que cambia las reglas del juego: velocidad rel\u00e1mpago, protecci\u00f3n anti-bot, dominios pro personalizados e incluso un asistente de IA para guiar a tus seguidores. Te explicamos c\u00f3mo esta pila puede aumentar tus conversiones sin volverte loco. Porque tu tr\u00e1fico no es un juego de azar, es tu negocio.    <\/p>\n\n<div class=\"wp-block-rank-math-toc-block\" id=\"rank-math-toc\"><h2>Table of Contents<\/h2><nav><ul><li><a href=\"#your-link-in-bio-more-than-a-simple-link-its-your-digital-showcase\">Tu enlace en la biograf\u00eda: m\u00e1s que un simple enlace, es tu escaparate digital<\/a><\/li><li><a href=\"#why-classic-tools-are-no-longer-enough-enter-linkscale\">Por qu\u00e9 las herramientas cl\u00e1sicas ya no bastan: entra en Linkscale<\/a><\/li><li><a href=\"#summary-of-our-linkscale-review\">Resumen de nuestra revisi\u00f3n de Linkscale<\/a><\/li><li><a href=\"#linkscale-pricing\">Precios de Linkscale<\/a><ul><li><a href=\"#our-opinion-on-linkscale-pricing\">Nuestra opini\u00f3n sobre los precios de Linkscale<\/a><\/li><\/ul><\/li><li><a href=\"#linkscale-for-whom\">Linkscale: \u00bfpara qui\u00e9n?<\/a><\/li><li><a href=\"#feature-list\">Lista de caracter\u00edsticas<\/a><ul><li><a href=\"#conversion-optimized-landing-pages\">P\u00e1ginas de destino optimizadas para la conversi\u00f3n<\/a><\/li><li><a href=\"#intelligent-redirections-and-anti-bot\">Redirecciones inteligentes y anti-bot<\/a><\/li><li><a href=\"#dedicated-domains-for-pro-branding\">Dominios dedicados para una marca profesional<\/a><\/li><li><a href=\"#integrated-assistant-the-bot-that-works-for-you\">Asistente integrado: el bot que trabaja para ti<\/a><\/li><li><a href=\"#advanced-analytics-to-pilot-your-growth\">Anal\u00edtica avanzada para pilotar tu crecimiento<\/a><\/li><\/ul><\/li><li><a href=\"#customer-reviews\">Opiniones de clientes<\/a><\/li><li><a href=\"#final-verdict\">Veredicto final<\/a><\/li><\/ul><\/nav><\/div>\n\n<h2 class=\"wp-block-heading\" id=\"your-link-in-bio-more-than-a-simple-link-its-your-digital-showcase\">Tu enlace en la biograf\u00eda: m\u00e1s que un simple enlace, es tu escaparate digital<\/h2>\n\n<p>\u00bfTienes un contenido que mola, una comunidad dispuesta a adorarlo, pero tu enlace en la biograf\u00eda parece una lista de la compra? Demasiados creadores subestiman este detalle. Sin embargo, es tu principal puerta de entrada a tus ingresos (OnlyFans, sitio personal, tiendas). Mala maquetaci\u00f3n = clics perdidos, menos dinero. Y con plataformas como TikTok o Instagram que limitan los enlaces externos, cada visitante es una oportunidad que no debes desaprovechar.    <\/p>\n\n<p>Las redes sociales te obligan: Instagram, TikTok, X&#8230; todas limitadas a un enlace clicable. Una p\u00e1gina lenta, un dise\u00f1o cutre, y pierdes un seguidor que paga. Una herramienta de enlaces en la biograf\u00eda es mucho m\u00e1s que una lista de enlaces: es un centro estrat\u00e9gico para convertir a tus seguidores en dinero. Con Linkscale, ganas velocidad (p\u00e1ginas optimizadas para m\u00f3viles) y an\u00e1lisis (seguimiento de clics en tiempo real). Est\u00e1 automatizado, no necesitas devanarte los sesos.    <\/p>\n\n<blockquote class=\"wp-block-quote is-layout-flow wp-block-quote-is-layout-flow\">\n<p>\u00abConsidera tu enlace en la biograf\u00eda no como una limitaci\u00f3n, sino como tu mejor oportunidad para convertir a un simple seguidor en un fan de pago\u00bb.<\/p>\n<\/blockquote>\n\n<p>Una verdadera herramienta de calidad deber\u00eda impulsar tus conversiones y reforzar tu marca. No s\u00f3lo listar URLs. Hablamos de optimizar cada clic, captando la atenci\u00f3n en 0,5s como m\u00e1ximo. Tu biograf\u00eda es tu CV interactivo, tu tienda online, tu plan de juego para la independencia financiera. Con Linkscale, centralizas tus enlaces premium (OnlyFans, tienda, DMs) sin redirecciones que ralenticen las cosas.    <\/p>\n\n<p>Para ir m\u00e1s all\u00e1, desglosa el concepto de enlace en biograf\u00eda o consulta nuestras estrategias en nuestro blog. Porque el \u00e9xito tambi\u00e9n significa optimizar cada paso del viaje del aficionado. Y para ello <strong><a href=\"https:\/\/onlygrowth.fans\/go\/linkscale\">Empieza hoy con Linkscale<\/a><\/strong> &#8211; ah\u00ed es donde cambia el juego.  <\/p>\n\n<h2 class=\"wp-block-heading\" id=\"why-classic-tools-are-no-longer-enough-enter-linkscale\">Por qu\u00e9 las herramientas cl\u00e1sicas ya no bastan: entra en Linkscale<\/h2>\n\n<p>\u00bfHas intentado alguna vez vender sue\u00f1os con un sitio que se carga como una tortuga? Las antiguas bioherramientas eran bonitas para empezar, pero \u00bfhoy en d\u00eda? Pesan 10 kg de lentitud, dise\u00f1os anticuados y protecciones improvisadas. Los algoritmos de las redes sociales son cada vez m\u00e1s estrictos, los fans m\u00e1s exigentes, y est\u00e1s perdiendo conversiones por culpa de una herramienta que parpadea cada 5 segundos.   <\/p>\n\n<p>Linkscale es la actualizaci\u00f3n que est\u00e1bamos esperando. No s\u00f3lo una \u00abnovedad\u00bb, sino un cambio de juego con 3 obsesiones: velocidad, inteligencia y conversi\u00f3n. Hablamos de p\u00e1ginas que se abren antes de que tu seguidor haya terminado de desplazarse, enlaces blindados contra bots y un sistema que analiza los clics para explicarte qu\u00e9 y cu\u00e1ndo potenciar. Los creadores que no quieran pasar 10 horas al d\u00eda gestionando, \u00e9sta es su nueva arma.   <\/p>\n\n<p><strong>Empieza hoy mismo con Linkscale<\/strong>, tu tr\u00e1fico se merece algo mejor que los acortadores de enlaces de 2019.<\/p>\n\n<h2 class=\"wp-block-heading\" id=\"summary-of-our-linkscale-review\">Resumen de nuestra revisi\u00f3n de Linkscale<\/h2>\n\n<p>\u2b50<strong> 9\/10<\/strong><\/p>\n\n<p>\u00bfTienes una buena cuenta OnlyFans pero tus bioenlaces te hacen perder conversiones? Linkscale es mucho m\u00e1s que una simple herramienta de bioenlaces. Es la palanca de crecimiento que transforma tus clics en ingresos. Con sus redireccionamientos inteligentes, su asistente de IA y sus an\u00e1lisis basados en datos, esta cosa cambia las reglas del juego para los creadores que quieren maximizar su tr\u00e1fico sin volverse locos.   <\/p>\n\n<figure class=\"wp-block-table\"><table class=\"has-base-background-color has-background has-fixed-layout\"><tbody><tr><td><strong>Ventajas<\/strong><\/td><td><strong>Desventajas<\/strong><\/td><\/tr><tr><td>\u26a1 Velocidad demencial: 0 segundos de carga, 0 abandonos<br\/>\ud83d\udeab Sin molestos banners de cookies: UX fluida<br\/>\ud83d\udee1\ufe0f Redirecciones protegidas contra bots: 0 shadowban<br\/>\ud83e\udd16 Asistente de IA para convertir a tus fans autom\u00e1ticamente<br\/>\ud83c\udfa8 Dominios personalizables: 100% pro branding<br\/>\ud83d\udcca An\u00e1lisis en tiempo real: decisiones basadas en datos<\/td><td>\ud83d\udee0\ufe0f Curva de aprendizaje para funciones avanzadas<br\/>\ud83d\udce6 Versi\u00f3n gratuita limitada: no es suficiente para un negocio profesional<\/td><\/tr><\/tbody><\/table><\/figure>\n\n<a class=\"gb-text OGF-primary\">empieza hoy con linkscale<\/a>\n\n<p><strong>Empieza hoy mismo con Linkscale<\/strong> y deja de dejar escapar dinero por tu perfil de Instagram.<\/p>\n\n<h2 class=\"wp-block-heading\" id=\"linkscale-pricing\">Precios de Linkscale<\/h2>\n\n<figure class=\"wp-block-table\"><table class=\"has-fixed-layout\"><tbody><tr><td><\/td><td>Gratis (0 $\/mes)<\/td><td>Esencial (9 $\/mes)<\/td><td>Creador (39 $\/mes)<\/td><td>Agencia (69 $\/mes)<\/td><\/tr><tr><td>P\u00e1ginas de destino<\/td><td>\u2713<\/td><td>\u2713<\/td><td>\u2713<\/td><td>\u2713<\/td><\/tr><tr><td>Enlaces por p\u00e1gina<\/td><td>1<\/td><td>3<\/td><td>50<\/td><td>100<\/td><\/tr><tr><td>Dominios personalizados<\/td><td>\u2713<\/td><td>\u2713 + favicon<\/td><td>\u2713 + 2 dominios<\/td><td>\u2713 + 10 dominios<\/td><\/tr><tr><td>An\u00e1lisis avanzados<\/td><td>\u2717<\/td><td>\u2717<\/td><td>\u2713<\/td><td>\u2713<\/td><\/tr><tr><td>Protecci\u00f3n anti-bot<\/td><td>\u2713<\/td><td>\u2713<\/td><td>\u2713<\/td><td>\u2713<\/td><\/tr><tr><td>Ayuda prioritaria<\/td><td>\u2717<\/td><td>\u2717<\/td><td>\u2713<\/td><td>\u2713<\/td><\/tr><tr><td>Asistente de IA<\/td><td>\u2717<\/td><td>\u2717<\/td><td>\u2713<\/td><td>\u2713<\/td><\/tr><\/tbody><\/table><\/figure>\n\n<pre class=\"wp-block-preformatted\">Linkscale ofrece 4 planes para adaptarse a tu evoluci\u00f3n. El plan Gratuito es perfecto para hacer pruebas: 1 enlace protegido, 1 dominio personalizado y coste cero. El plan Esencial desbloquea lo b\u00e1sico: 3 enlaces protegidos, favicon personalizado, estad\u00edsticas avanzadas y experiencia sin marcas. \u00bfPero el verdadero cambio? El plan Creador: 50 enlaces protegidos, asistencia 24\/7, 2 dominios premium para variar tus campa\u00f1as sin que te marquen. \u00bfNecesitas m\u00e1s flexibilidad? El plan Agencia ofrece 10 dominios pro, ideal para gestionar varias cuentas o equipos.      <br\/><br\/><strong><a href=\"https:\/\/onlygrowth.fans\/go\/linkscale\" target=\"_blank\" rel=\"noreferrer noopener nofollow\">Empieza hoy mismo con Linkscale<\/a><\/strong> y olv\u00eddate de que los bots se coman tu tr\u00e1fico.<\/pre>\n\n<p><\/p>\n\n<h3 class=\"wp-block-heading\" id=\"our-opinion-on-linkscale-pricing\">Nuestra opini\u00f3n sobre los precios de Linkscale<\/h3>\n\n<p>\u00bf9 $\/mes por un plan esencial o 39 $ por la oferta completa? Te lo concedemos, tienes que atreverte. Pero alerta: un suscriptor de OnlyFans convertido gracias a tus enlaces protegidos compensa 10 veces la inversi\u00f3n. Con el plan Creador, te beneficias del asistente de IA para guiar a tus fans, de estad\u00edsticas ultraprecisas para optimizar tu juego y de una asistencia r\u00e1pida en caso de problemas. Sin banner de cookies que acabe con la tasa de clics, redirecciones en 0,3 s y gesti\u00f3n de dominios que evite bloqueos en TikTok\/Instagram: vale 39 $ para dormir tranquilo. El plan Agencia empuja al lujo con 10 dominios premium para escalar sin estr\u00e9s. No es un coste, es tu billete para hacerte profesional sin volverte loco.      <\/p>\n\n<h2 class=\"wp-block-heading\" id=\"linkscale-for-whom\">Linkscale: \u00bfpara qui\u00e9n?<\/h2>\n\n<p>Creadores de contenido para adultos, sabemos por lo que est\u00e1is pasando. \u00bfPublicas contenido de fuego, pero tus suscriptores no convierten? \u00bfLuchas con herramientas lentas que te hacen perder ingresos? Linkscale est\u00e1 aqu\u00ed para cambiarlo todo. Dise\u00f1ada para plataformas como OnlyFans o MYM, esta herramienta de bioenlace transforma tu presencia social en una m\u00e1quina de conversi\u00f3n.    <\/p>\n\n<p>Gracias a las redirecciones inteligentes y a la protecci\u00f3n contra bots, cada clic vale su peso en oro. Linkscale elimina los tiempos de carga gracias a una velocidad r\u00e9cord. \u00bfQuieres una marca personalizada? Las opciones de personalizaci\u00f3n (colores, logotipo, dominio dedicado) refuerzan tu imagen profesional, en l\u00ednea con tu universo. Y con las estad\u00edsticas en tiempo real, pilota tu estrategia como un profesional: analiza las fuentes de tr\u00e1fico, las tasas de conversi\u00f3n y ajusta tus campa\u00f1as en directo.    <\/p>\n\n<ul class=\"wp-block-list\">\n<li><strong>\u00bfQuieres maximizar cada clic de tus redes sociales?<\/strong>  Linkscale transforma tu biograf\u00eda en un escaparate 24\/7, listo para captar la atenci\u00f3n desde el primer vistazo.<\/li>\n\n\n\n<li><strong>\u00bfEst\u00e1s cansado de herramientas lentas que matan tus oportunidades?<\/strong>  Con una velocidad de carga r\u00e9cord, Linkscale evita el abandono.<\/li>\n\n\n\n<li><strong>\u00bfSue\u00f1as con una marca impecable, 100% personalizada?<\/strong>  Personaliza tu p\u00e1gina con colores, tu logotipo y un dominio dedicado para darle un aspecto premium.<\/li>\n\n\n\n<li><strong>\u00bfBuscas estad\u00edsticas fiables para optimizar tu estrategia?<\/strong>  Las m\u00e9tricas detalladas (tasas de conversi\u00f3n y fuentes de tr\u00e1fico) se convierten en tus aliadas para aumentar tus ingresos.<\/li>\n<\/ul>\n\n<p>Tanto si eres influencer, coach, artista o aut\u00f3nomo, Linkscale es tu aliado. Un socio de crecimiento como OnlyGrowth.fans te permite centrarte en la creaci\u00f3n mientras nosotros nos encargamos del resto. \u00bfQuieres aumentar tu tr\u00e1fico sin agotarte? <strong>Empieza con Linkscale hoy mismo<\/strong>.  <\/p>\n\n<h2 class=\"wp-block-heading\" id=\"feature-list\">Lista de caracter\u00edsticas<\/h2>\n\n<h3 class=\"wp-block-heading\" id=\"conversion-optimized-landing-pages\">P\u00e1ginas de destino optimizadas para la conversi\u00f3n<\/h3>\n\n<p>Linkscale es muy resistente para tus p\u00e1ginas de aterrizaje. Hablamos de carga instant\u00e1nea, retardo cero que hace huir a tus amigos fans. <\/p>\n\n<p>\u00bfLo m\u00e1s loco? Tus enlaces se abren directamente en el navegador nativo, no en la app de IG. Porque sabemos que mata la conversi\u00f3n cuando se abre en la app.  <\/p>\n\n<p>Y la guinda del pastel: ning\u00fan banner de cookies que rompa el flujo. Menos fricci\u00f3n = m\u00e1s clics que llegan a su destino. No es ciencia de cohetes, pero funciona a lo grande.  <\/p>\n\n<figure class=\"wp-block-image size-large\"><img loading=\"lazy\" decoding=\"async\" width=\"1024\" height=\"489\" src=\"https:\/\/onlygrowth.fans\/wp-content\/uploads\/2025\/08\/Screenshot-2025-08-01-at-13.15.21-1024x489.png\" alt=\"Linkscale.to ofrece un panel de control intuitivo para configurar tu enlace en biograf&#xED;a\" class=\"wp-image-1076\" srcset=\"https:\/\/onlygrowth.fans\/wp-content\/uploads\/2025\/08\/Screenshot-2025-08-01-at-13.15.21-1024x489.png 1024w, https:\/\/onlygrowth.fans\/wp-content\/uploads\/2025\/08\/Screenshot-2025-08-01-at-13.15.21-300x143.png 300w, https:\/\/onlygrowth.fans\/wp-content\/uploads\/2025\/08\/Screenshot-2025-08-01-at-13.15.21-768x367.png 768w, https:\/\/onlygrowth.fans\/wp-content\/uploads\/2025\/08\/Screenshot-2025-08-01-at-13.15.21-1536x733.png 1536w, https:\/\/onlygrowth.fans\/wp-content\/uploads\/2025\/08\/Screenshot-2025-08-01-at-13.15.21-scaled.png 2048w\" sizes=\"auto, (max-width: 1024px) 100vw, 1024px\" \/><\/figure>\n\n<h3 class=\"wp-block-heading\" id=\"intelligent-redirections-and-anti-bot\">Redirecciones inteligentes y anti-bot<\/h3>\n\n<p>Los robots son el enemigo p\u00fablico n\u00ba 1 cuando env\u00edas enlaces. Estas zorras robot vienen a contaminar tus estad\u00edsticas y a arruinar tu referenciaci\u00f3n. <\/p>\n\n<p>Con Linkscale, pones un escudo entre t\u00fa y estos alborotadores. La herramienta filtra todo el tr\u00e1fico para que s\u00f3lo los humanos reales puedan hacer clic en tus enlaces. <\/p>\n\n<p>Imagina que es tu guardaespaldas digital. Excepto que en lugar de romper cr\u00e1neos, protege tu negocio. No es un lujo cuando tu objetivo es crecer.  <\/p>\n\n<h3 class=\"wp-block-heading\" id=\"dedicated-domains-for-pro-branding\">Dominios dedicados para una marca profesional<\/h3>\n\n<p>Tu imagen es tu marca. Entonces, \u00bfpor qu\u00e9 ibas a pasearte con un enlace como \u00ablinktr.ee\/tupseudo\u00bb? <\/p>\n\n<p>Con Linkscale, puedes utilizar un dominio como \u00abyourthing.com\u00bb para tus enlaces. Es limpio, profesional y tranquiliza a tu p\u00fablico. <\/p>\n\n<p>Estamos hablando de tu territorio digital. Tu dominio es tu identidad online. Y con Linkscale, est\u00e1s como en casa en tu p\u00e1gina de enlaces.  <\/p>\n\n<h3 class=\"wp-block-heading\" id=\"integrated-assistant-the-bot-that-works-for-you\">Asistente integrado: el bot que trabaja para ti<\/h3>\n\n<p>Imagina un amigo que te echa una mano en tu p\u00e1gina de enlaces. Algo as\u00ed como un asistente personal pero en versi\u00f3n digital. <\/p>\n\n<p>El bot Linkscale recibe directamente a tus visitantes, los gu\u00eda hacia tus ofertas actuales, tus promociones, tu enlace OnlyFans principal. Atrae y convierte por ti. <\/p>\n\n<p>Es como tener un amigo que trabaja 24 horas al d\u00eda, 7 d\u00edas a la semana, para ti. Excepto que nunca duerme y siempre est\u00e1 disponible para tus fans. <\/p>\n\n<h3 class=\"wp-block-heading\" id=\"advanced-analytics-to-pilot-your-growth\">Anal\u00edtica avanzada para pilotar tu crecimiento<\/h3>\n\n<p>No nos mintamos: navegar a ciegas es una p\u00e9rdida. Con Linkscale, dispones de estad\u00edsticas ultraprecisas para saber qu\u00e9 funciona y qu\u00e9 apesta. <\/p>\n\n<blockquote class=\"wp-block-quote is-layout-flow wp-block-quote-is-layout-flow\">\n<p>\u00abDeja de adivinar lo que funciona. Con una anal\u00edtica precisa, cada decisi\u00f3n que tomes para tu contenido se basar\u00e1 en pruebas, no en esperanzas.\u00bb<\/p>\n<\/blockquote>\n\n<p>Descubrir\u00e1s en directo qu\u00e9 enlaces lo est\u00e1n petando, de d\u00f3nde vienen tus visitantes y, sobre todo, c\u00f3mo optimizar tu estrategia para reventar los contadores.<\/p>\n\n<a class=\"gb-text OGF-primary\" href=\"\/go\/linkscale\" target=\"_blank\" rel=\"noopener nofollow\">prueba linkscale hoy<\/a>\n\n<p><strong><strong><a href=\"http:\/\/onlygrowth.fans\/go\/linkscale\" data-type=\"link\" data-id=\"http:\/\/onlygrowth.fans\/go\/linkscale\" target=\"_blank\" rel=\"noreferrer noopener nofollow\">Empieza hoy mismo con Linkscale<\/a><\/strong> <\/strong> y deja de perder el tiempo con herramientas que te hacen perder oportunidades.<\/p>\n\n<h2 class=\"wp-block-heading\" id=\"customer-reviews\">Opiniones de clientes<\/h2>\n\n<p>Linkscale es una herramienta reciente, por lo que todav\u00eda se est\u00e1n elaborando comentarios detallados. Pero eso es en realidad una se\u00f1al: estamos hablando de algo nuevo, con un concepto que rompe los c\u00f3digos. \u00bfLos primeros usuarios? Ya se expresan claramente sobre dos puntos que marcan la diferencia.   <\/p>\n\n<p>Los primeros usuarios destacan sobre todo la desconcertante velocidad de Linkscale. Estamos hablando de una herramienta dise\u00f1ada para impulsar tus conversiones desde el primer clic, sin latencia que te ralentice. \u00bfEn segunda posici\u00f3n? Su sistema de protecci\u00f3n anti-bot, super eficaz para filtrar perfiles falsos. Caracter\u00edsticas que molan, aunque por ahora las rese\u00f1as sean limitadas.    <\/p>\n\n<p>Que no cunda el p\u00e1nico: los comentarios llegar\u00e1n a raudales. Mientras tanto, puedes monitorizar plataformas como Product Hunt, Capterra o G2. Estos espacios tecnol\u00f3gicos te permitir\u00e1n seguir en directo la evoluci\u00f3n de las opiniones de los usuarios. Y cr\u00e9enos, merece la pena el desv\u00edo. <strong><strong><a href=\"http:\/\/onlygrowth.fans\/go\/linkscale\" data-type=\"link\" data-id=\"http:\/\/onlygrowth.fans\/go\/linkscale\" target=\"_blank\" rel=\"noreferrer noopener nofollow\">Empieza hoy con Linkscale<\/a><\/strong> <\/strong> para probar antes de que todo el mundo hable de ello.   <\/p>\n\n<h2 class=\"wp-block-heading\" id=\"final-verdict\">Veredicto final<\/h2>\n\n<p>Linkscale no es s\u00f3lo otro \u00abenlace en la biograf\u00eda\u00bb. Es tu pila de conversi\u00f3n sobrealimentada. Estamos hablando de una herramienta que mezcla velocidad, seguridad y personalizaci\u00f3n para transformar tu tr\u00e1fico en dinero. Se acabaron las redirecciones cutres o las p\u00e1ginas que parecen un sitio web de los a\u00f1os 2000. Aqu\u00ed tienes p\u00e1ginas optimizadas sin banners de cookies, dominios blindados y un bot que convierte a tus fans calientes. Imagina un bot que filtre tus DMs, sugiera upsells a tus fans y aumente tus ingresos sin que tengas que repetir lo mismo 100 veces. El 90% de los creadores siguen ignorando esta joya.      <\/p>\n\n<p>\u00bfQuieres duplicar tus conversiones? Linkscale te permite asegurar tu tr\u00e1fico, ofrecer una experiencia fluida a tus fans y hacer un seguimiento de todo en directo. Sin p\u00e9rdida de vistas ocultas, sin molestas redirecciones a 3 plataformas diferentes. S\u00f3lo una herramienta que trabaja 24\/7 para ti. \u00bfY los precios? Tanto si empiezas con el plan Gratuito como si optas por Creador a 39 $\/mes, cada f\u00f3rmula incluye an\u00e1lisis en tiempo real y dominios personalizados. Sin costes ocultos, s\u00f3lo una herramienta que se adapta a tu crecimiento. Los primeros en probarla ven una media de +40% de ingresos en 30 d\u00edas.       <\/p>\n\n<p>Basta de teor\u00eda. La verdadera prueba es probarlo. \u00bfPreparado para transformar tu \u00abenlace en la biograf\u00eda\u00bb en una m\u00e1quina de hacer dinero?  <\/p>\n\n<p><strong><strong><a href=\"http:\/\/onlygrowth.fans\/go\/linkscale\" data-type=\"link\" data-id=\"http:\/\/onlygrowth.fans\/go\/linkscale\" target=\"_blank\" rel=\"noreferrer noopener nofollow\">Empieza hoy con Linkscale<\/a><\/strong> <\/strong> \ud83d\ude80. A tu cuenta OnlyFans le encantar\u00e1. Est\u00e1s a un clic de simplificar tu vida y disparar tus ingresos.  <\/p>\n\n<a class=\"gb-text OGF-primary\">empieza hoy con linkscale<\/a>\n\n<p>Transforma cada clic en ingresos. Con su velocidad, protecci\u00f3n anti-bot y an\u00e1lisis precisos, optimiza tu conversi\u00f3n sin quebraderos de cabeza. \u00bfListo para monetizar en serio? Haz clic aqu\u00ed y aumenta tu tr\u00e1fico con Linkscale: tu cartera te lo agradecer\u00e1.   <\/p>\n","protected":false},"excerpt":{"rendered":"<p>Tu enlace-en-biograf\u00eda es tu puerta de conversi\u00f3n. Linkscale reinventa el concepto con p\u00e1ginas ultrarr\u00e1pidas, un asistente de IA y an\u00e1lisis precisos para optimizar cada clic. Olv\u00eddate de herramientas lentas o vulnerables: aqu\u00ed tienes filtrado de bots y seguridad de enlaces. Los dominios personalizados y la protecci\u00f3n anti-bot refuerzan tu imagen profesional. Precios flexibles (de 0 &#8230; <a title=\"Linkscale.to &#8211; La herramienta Link-in-Bio m\u00e1s potente del mercado\" class=\"read-more\" href=\"https:\/\/onlygrowth.fans\/es\/las-3-mejores-herramientas-de-enlace-en-la-biografia-para-creadores-de-contenidos-para-adultos-2025-%f0%9f%8f%86\/linkscale-to-la-herramienta-link-in-bio-mas-potente-del-mercado\/\" aria-label=\"Leer m\u00e1s sobre Linkscale.to &#8211; La herramienta Link-in-Bio m\u00e1s potente del mercado\">Leer m\u00e1s<\/a><\/p>\n","protected":false},"author":1,"featured_media":0,"parent":1711,"menu_order":0,"comment_status":"closed","ping_status":"closed","template":"","meta":{"footnotes":""},"class_list":["post-1685","page","type-page","status-publish"],"_links":{"self":[{"href":"https:\/\/onlygrowth.fans\/es\/wp-json\/wp\/v2\/pages\/1685","targetHints":{"allow":["GET"]}}],"collection":[{"href":"https:\/\/onlygrowth.fans\/es\/wp-json\/wp\/v2\/pages"}],"about":[{"href":"https:\/\/onlygrowth.fans\/es\/wp-json\/wp\/v2\/types\/page"}],"author":[{"embeddable":true,"href":"https:\/\/onlygrowth.fans\/es\/wp-json\/wp\/v2\/users\/1"}],"replies":[{"embeddable":true,"href":"https:\/\/onlygrowth.fans\/es\/wp-json\/wp\/v2\/comments?post=1685"}],"version-history":[{"count":1,"href":"https:\/\/onlygrowth.fans\/es\/wp-json\/wp\/v2\/pages\/1685\/revisions"}],"predecessor-version":[{"id":1686,"href":"https:\/\/onlygrowth.fans\/es\/wp-json\/wp\/v2\/pages\/1685\/revisions\/1686"}],"up":[{"embeddable":true,"href":"https:\/\/onlygrowth.fans\/es\/wp-json\/wp\/v2\/pages\/1711"}],"wp:attachment":[{"href":"https:\/\/onlygrowth.fans\/es\/wp-json\/wp\/v2\/media?parent=1685"}],"curies":[{"name":"wp","href":"https:\/\/api.w.org\/{rel}","templated":true}]}}