{"id":1736,"date":"2021-05-30T18:26:45","date_gmt":"2021-05-30T16:26:45","guid":{"rendered":"https:\/\/onlygrowth.fans\/acerca-de\/"},"modified":"2025-08-14T22:58:36","modified_gmt":"2025-08-14T20:58:36","slug":"acerca-de","status":"publish","type":"page","link":"https:\/\/onlygrowth.fans\/es\/acerca-de\/","title":{"rendered":"Acerca de"},"content":{"rendered":"\n<section class=\"gb-element-336cbf3c\">\n<span class=\"gb-shape gb-shape-6e3223d3 gb-shape--divider\"><svg xmlns=\"http:\/\/www.w3.org\/2000\/svg\" preserveaspectratio=\"none\" viewbox=\"0 0 1200 230.8\"><path d=\"M1200 179.5l-22.2-26.7c-22.2-26.7-66.9-80-111.1-75.6-44.4 4.8-89.2 66.4-133.3 102.2-44.4 35.8-89.2 44.2-133.3 8.9-44.4-35.6-89.2-115.6-133.3-155.6-44.4-40-89.2-40-133.3-17.8C488.9 37 444.2 82 400 81.7c-44.4.2-89.2-44.8-133.3-57.8-44.4-13.6-89.2 4.8-133.3 26.7-44.5 22.2-89.2 48.9-110.9 62.2L0 126.1v104.7H1199.7l.3-51.3z\"><\/path><\/svg><\/span>\n\n\n\n<div class=\"gb-element-2089be74\">\n<div class=\"gb-element-4f3b53c1\">\n<h2 class=\"gb-text-d2757202\"><span class=\"gb-shape\"><svg xmlns=\"http:\/\/www.w3.org\/2000\/svg\" viewbox=\"0 0 80 42\" data-name=\"subtract\"><path fill=\"CurrentColor\" d=\"M0 20.06h80v1.87H0z\"><\/path><\/svg><\/span><span class=\"gb-text\"><strong>Acerca de OnlyGrowth.fans<\/strong><\/span><\/h2>\n\n\n\n<h2 class=\"gb-text gb-text-aa5ec251\">Construido para creadores.<br>Impulsado por el crecimiento.<\/h2>\n\n\n\n<p class=\"has-contrast-color has-text-color\">OnlyGrowth.fans es la agencia a la que acuden los creadores adultos ambiciosos que quieren aumentar sus ingresos <em>sin agotarse<\/em>. Fundada por Jan y Anna, estamos obsesionados con construir historias de \u00e9xito reales y a largo plazo, no s\u00f3lo momentos virales. <\/p>\n\n\n\n<p class=\"gb-text-c3203905\"><span class=\"gb-shape\"><svg xmlns=\"http:\/\/www.w3.org\/2000\/svg\" aria-hidden=\"true\" role=\"img\" height=\"1em\" width=\"1em\" viewbox=\"0 0 256 512\"><path fill=\"currentColor\" d=\"M224.3 273l-136 136c-9.4 9.4-24.6 9.4-33.9 0l-22.6-22.6c-9.4-9.4-9.4-24.6 0-33.9l96.4-96.4-96.4-96.4c-9.4-9.4-9.4-24.6 0-33.9L54.3 103c9.4-9.4 24.6-9.4 33.9 0l136 136c9.5 9.4 9.5 24.6.1 34z\"><\/path><\/svg><\/span><span class=\"gb-text\">No somos s\u00f3lo gestores.<\/span><\/p>\n\n\n\n<p class=\"gb-text-a40c1d8b\"><span class=\"gb-shape\"><svg xmlns=\"http:\/\/www.w3.org\/2000\/svg\" aria-hidden=\"true\" role=\"img\" height=\"1em\" width=\"1em\" viewbox=\"0 0 256 512\"><path fill=\"currentColor\" d=\"M224.3 273l-136 136c-9.4 9.4-24.6 9.4-33.9 0l-22.6-22.6c-9.4-9.4-9.4-24.6 0-33.9l96.4-96.4-96.4-96.4c-9.4-9.4-9.4-24.6 0-33.9L54.3 103c9.4-9.4 24.6-9.4 33.9 0l136 136c9.5 9.4 9.5 24.6.1 34z\"><\/path><\/svg><\/span><span class=\"gb-text\">Somos arquitectos del crecimiento.<\/span><\/p>\n\n\n\n<p class=\"gb-text-ca4fe825\"><span class=\"gb-shape\"><svg xmlns=\"http:\/\/www.w3.org\/2000\/svg\" aria-hidden=\"true\" role=\"img\" height=\"1em\" width=\"1em\" viewbox=\"0 0 256 512\"><path fill=\"currentColor\" d=\"M224.3 273l-136 136c-9.4 9.4-24.6 9.4-33.9 0l-22.6-22.6c-9.4-9.4-9.4-24.6 0-33.9l96.4-96.4-96.4-96.4c-9.4-9.4-9.4-24.6 0-33.9L54.3 103c9.4-9.4 24.6-9.4 33.9 0l136 136c9.5 9.4 9.5 24.6.1 34z\"><\/path><\/svg><\/span><span class=\"gb-text\">Desde la estrategia de contenidos y la generaci\u00f3n de tr\u00e1fico hasta la automatizaci\u00f3n y la monetizaci\u00f3n, hemos creado un sistema que te permite centrarte en lo que mejor sabes hacer: crear. Nosotros nos encargamos del resto, con resultados que hablan por s\u00ed solos. <\/span><\/p>\n<\/div>\n\n\n\n<div class=\"gb-element-29dfeede\">\n<figure class=\"wp-block-image size-full\"><img loading=\"lazy\" decoding=\"async\" width=\"1024\" height=\"1024\" src=\"https:\/\/onlygrowth.fans\/wp-content\/uploads\/2025\/08\/team_graph_onlygrowth.png\" alt=\"\" class=\"wp-image-1093\" srcset=\"https:\/\/onlygrowth.fans\/wp-content\/uploads\/2025\/08\/team_graph_onlygrowth.png 1024w, https:\/\/onlygrowth.fans\/wp-content\/uploads\/2025\/08\/team_graph_onlygrowth-300x300.png 300w, https:\/\/onlygrowth.fans\/wp-content\/uploads\/2025\/08\/team_graph_onlygrowth-150x150.png 150w, https:\/\/onlygrowth.fans\/wp-content\/uploads\/2025\/08\/team_graph_onlygrowth-768x768.png 768w\" sizes=\"auto, (max-width: 1024px) 100vw, 1024px\" \/><\/figure>\n<\/div>\n<\/div>\n<\/section>\n\n<section class=\"gb-element-247aeb17\">\n<div class=\"gb-element-27fbb24b\">\n<h2 class=\"gb-text gb-text-65096ee9\">Lo hacemos est\u00fapidamente sencillo<\/h2>\n\n\n\n<p style=\"font-size:22px\">Inicia tu viaje de crecimiento en 3 sencillos pasos:<\/p>\n\n\n\n<a class=\"gb-text gb-text-4e997f8b\" href=\"https:\/\/onlygrowth.fans\/es\/ponte-en-contacto-con\/\">Reg\u00edstrate en<\/a>\n<\/div>\n\n\n\n<div class=\"gb-element-f569fcef\">\n<h3 class=\"gb-text-00fc4fe8\"><span class=\"gb-shape\"><svg xmlns=\"http:\/\/www.w3.org\/2000\/svg\" viewbox=\"0 0 384 512\"><path fill=\"CurrentColor\" d=\"M384 112v352c0 26.51-21.49 48-48 48H48c-26.51 0-48-21.49-48-48V112c0-26.51 21.49-48 48-48h80c0-35.29 28.71-64 64-64s64 28.71 64 64h80c26.51 0 48 21.49 48 48zM192 40c-13.255 0-24 10.745-24 24s10.745 24 24 24 24-10.745 24-24-10.745-24-24-24m96 114v-20a6 6 0 00-6-6H102a6 6 0 00-6 6v20a6 6 0 006 6h180a6 6 0 006-6z\"><\/path><\/svg><\/span><span class=\"gb-text\"><strong>Solicitud de adhesi\u00f3n<\/strong><\/span><\/h3>\n\n\n\n<p class=\"gb-headline gb-headline-04f1ea76 gb-headline-text\">Trabajamos con un n\u00famero limitado de creadores cuidadosamente seleccionados. Veamos si vibramos. <\/p>\n\n\n\n<h3 class=\"gb-text-8595c230\"><span class=\"gb-shape\"><svg xmlns=\"http:\/\/www.w3.org\/2000\/svg\" viewbox=\"0 0 512 512\"><path fill=\"CurrentColor\" d=\"M461.2 128H80c-8.84 0-16-7.16-16-16s7.16-16 16-16h384c8.84 0 16-7.16 16-16 0-26.51-21.49-48-48-48H64C28.65 32 0 60.65 0 96v320c0 35.35 28.65 64 64 64h397.2c28.02 0 50.8-21.53 50.8-48V176c0-26.47-22.78-48-50.8-48zM416 336c-17.67 0-32-14.33-32-32s14.33-32 32-32 32 14.33 32 32-14.33 32-32 32z\"><\/path><\/svg><\/span><span class=\"gb-text\"><strong>Consigue tu plan personalizado<\/strong><\/span><\/h3>\n\n\n\n<p class=\"gb-headline gb-headline-2f966094 gb-headline-text\">Auditamos tu rendimiento actual y creamos un plan adaptado a tus objetivos.<\/p>\n\n\n\n<h3 class=\"gb-text-73e60819\"><span class=\"gb-shape\"><svg xmlns=\"http:\/\/www.w3.org\/2000\/svg\" viewbox=\"0 0 512 512\"><path fill=\"CurrentColor\" d=\"M0 405.3V448c0 35.3 86 64 192 64s192-28.7 192-64v-42.7C342.7 434.4 267.2 448 192 448S41.3 434.4 0 405.3zM320 128c106 0 192-28.7 192-64S426 0 320 0 128 28.7 128 64s86 64 192 64zM0 300.4V352c0 35.3 86 64 192 64s192-28.7 192-64v-51.6c-41.3 34-116.9 51.6-192 51.6S41.3 334.4 0 300.4zm416 11c57.3-11.1 96-31.7 96-55.4v-42.7c-23.2 16.4-57.3 27.6-96 34.5v63.6zM192 160C86 160 0 195.8 0 240s86 80 192 80 192-35.8 192-80-86-80-192-80zm219.3 56.3c60-10.8 100.7-32 100.7-56.3v-42.7c-35.5 25.1-96.5 38.6-160.7 41.8 29.5 14.3 51.2 33.5 60 57.2z\"><\/path><\/svg><\/span><span class=\"gb-text\"><strong>Crece con el piloto autom\u00e1tico<\/strong><\/span><\/h3>\n\n\n\n<p class=\"gb-headline gb-headline-dffafe7c gb-headline-text\">Nos encargamos de la promoci\u00f3n, la optimizaci\u00f3n y la estrategia, para que puedas disfrutar de libertad y $$$.<\/p>\n<\/div>\n<\/section>\n\n<section class=\"gb-element-6ead9ab6\">\n<div class=\"gb-element-b81f6a8c\">\n<div class=\"gb-element-ebd06dd1\">\n<div class=\"gb-element-06b823fc\">\n<p class=\"gb-text gb-text-8391efa9\">46+<\/p>\n\n\n\n<p class=\"gb-text gb-text-15e8062f\">Creadores apoyados<\/p>\n<\/div>\n\n\n\n<div class=\"gb-element-0ad692b4\">\n<p class=\"gb-text gb-text-4b6cd7a9\">2M+<\/p>\n\n\n\n<p class=\"gb-text gb-text-e3099b30\">Tr\u00e1fico mensual generado<\/p>\n<\/div>\n\n\n\n<div class=\"gb-element-76832546\">\n<p class=\"gb-text gb-text-1a353295\">15+<\/p>\n\n\n\n<p class=\"gb-text gb-text-31ee6110\">Miembros del equipo en Europa y EE.UU.<\/p>\n<\/div>\n\n\n\n<div class=\"gb-element-20e420c7\">\n<p class=\"gb-text gb-text-faf2447a\">1 misi\u00f3n<\/p>\n\n\n\n<p class=\"gb-text gb-text-b8d1d0c1\">Ayudar a los creadores a vivir la vida a su manera<\/p>\n<\/div>\n<\/div>\n<\/div>\n<\/section>\n\n<section class=\"gb-element-dde4ca91\">\n<h2 class=\"gb-text gb-text-b739b654\">Nuestros creadores nos quieren<\/h2>\n\n\n\n<div class=\"gb-element-542eef16\">\n<div class=\"gb-element-4bba2435\">\n<div class=\"gb-element-21e7a018\">\n<figure class=\"wp-block-image size-large is-resized is-style-rounded\"><img loading=\"lazy\" decoding=\"async\" width=\"1011\" height=\"1024\" src=\"https:\/\/onlygrowth.fans\/wp-content\/uploads\/2025\/08\/Anastasiia-1-1011x1024.png\" alt=\"\" class=\"wp-image-1097\" style=\"object-fit:cover;width:100px;height:100px\" srcset=\"https:\/\/onlygrowth.fans\/wp-content\/uploads\/2025\/08\/Anastasiia-1-1011x1024.png 1011w, https:\/\/onlygrowth.fans\/wp-content\/uploads\/2025\/08\/Anastasiia-1-296x300.png 296w, https:\/\/onlygrowth.fans\/wp-content\/uploads\/2025\/08\/Anastasiia-1-768x778.png 768w, https:\/\/onlygrowth.fans\/wp-content\/uploads\/2025\/08\/Anastasiia-1.png 1191w\" sizes=\"auto, (max-width: 1011px) 100vw, 1011px\" \/><\/figure>\n\n\n\n<div class=\"gb-element-cf358ef5\">\n<p class=\"gb-text gb-text-eb0a44e2\">Anastasiia<\/p>\n\n\n\n<p class=\"gb-text gb-text-488c66b1\">Modelo OF<\/p>\n<\/div>\n<\/div>\n\n\n\n<p class=\"gb-text gb-text-c3146c71\"><em>\u00abHe trabajado con otras agencias, pero estas dos se preocupan de verdad. Gente real, resultados reales\u00bb.<\/em><\/p>\n<\/div>\n\n\n\n<div class=\"gb-element-162d6fd7\">\n<div class=\"gb-element-2020b58b\">\n<figure class=\"wp-block-image size-full is-resized is-style-rounded\"><img loading=\"lazy\" decoding=\"async\" width=\"698\" height=\"807\" src=\"https:\/\/onlygrowth.fans\/wp-content\/uploads\/2025\/08\/Alice.png\" alt=\"\" class=\"wp-image-1098\" style=\"object-fit:cover;width:100px;height:100px\" srcset=\"https:\/\/onlygrowth.fans\/wp-content\/uploads\/2025\/08\/Alice.png 698w, https:\/\/onlygrowth.fans\/wp-content\/uploads\/2025\/08\/Alice-259x300.png 259w\" sizes=\"auto, (max-width: 698px) 100vw, 698px\" \/><\/figure>\n\n\n\n<div class=\"gb-element-c4bbd160\">\n<p class=\"gb-text gb-text-0c746e50\">Alice<\/p>\n\n\n\n<p class=\"gb-text gb-text-8622b30a\">Modelo Fansly<\/p>\n<\/div>\n<\/div>\n\n\n\n<p class=\"gb-text gb-text-7fd1ec3b\"><em>\u00abEstuve atascado durante meses &#8211; OnlyGrowth.fans le dio la vuelta a todo en 3 semanas\u00bb.<\/em><\/p>\n<\/div>\n\n\n\n<div class=\"gb-element-a512d4ea\">\n<div class=\"gb-element-8ed02cd9\">\n<figure class=\"wp-block-image size-large is-resized is-style-rounded\"><img loading=\"lazy\" decoding=\"async\" width=\"883\" height=\"1024\" src=\"https:\/\/onlygrowth.fans\/wp-content\/uploads\/2025\/08\/Pauline-883x1024.png\" alt=\"\" class=\"wp-image-1099\" style=\"object-fit:cover;width:100px;height:100px\" srcset=\"https:\/\/onlygrowth.fans\/wp-content\/uploads\/2025\/08\/Pauline-883x1024.png 883w, https:\/\/onlygrowth.fans\/wp-content\/uploads\/2025\/08\/Pauline-259x300.png 259w, https:\/\/onlygrowth.fans\/wp-content\/uploads\/2025\/08\/Pauline-768x891.png 768w, https:\/\/onlygrowth.fans\/wp-content\/uploads\/2025\/08\/Pauline.png 1003w\" sizes=\"auto, (max-width: 883px) 100vw, 883px\" \/><\/figure>\n\n\n\n<div class=\"gb-element-eefd6653\">\n<p class=\"gb-text gb-text-515d4da2\">Pauline<\/p>\n\n\n\n<p class=\"gb-text gb-text-2b460e3c\">top 1% creador<\/p>\n<\/div>\n<\/div>\n\n\n\n<p class=\"gb-text gb-text-e0bf04a3\"><em>\u00abNada de BS, s\u00f3lo estrategia que funciona. La mejor decisi\u00f3n que he tomado para mi negocio\u00bb.<\/em><\/p>\n<\/div>\n<\/div>\n<\/section>\n\n<section class=\"gb-element-2b296c16\">\n<h2 class=\"gb-text gb-text-c6304d13\">Nuestro equipo<\/h2>\n\n\n\n<div class=\"gb-element-2879e803\">\n<div class=\"gb-element-5449072c\">\n<figure class=\"wp-block-image size-full rounded-corners img\"><img loading=\"lazy\" decoding=\"async\" width=\"1024\" height=\"1536\" src=\"https:\/\/onlygrowth.fans\/wp-content\/uploads\/2025\/08\/Jan_Avatar.jpeg\" alt=\"\" class=\"wp-image-1106\" srcset=\"https:\/\/onlygrowth.fans\/wp-content\/uploads\/2025\/08\/Jan_Avatar.jpeg 1024w, https:\/\/onlygrowth.fans\/wp-content\/uploads\/2025\/08\/Jan_Avatar-200x300.jpeg 200w, https:\/\/onlygrowth.fans\/wp-content\/uploads\/2025\/08\/Jan_Avatar-683x1024.jpeg 683w, https:\/\/onlygrowth.fans\/wp-content\/uploads\/2025\/08\/Jan_Avatar-768x1152.jpeg 768w\" sizes=\"auto, (max-width: 1024px) 100vw, 1024px\" \/><\/figure>\n\n\n\n<p class=\"gb-text gb-text-42ae79b1\">Jan<\/p>\n\n\n\n<p class=\"gb-text gb-text-b24ddd7d\">Cofundador &#8211; Experto en estrategia y tr\u00e1fico<\/p>\n<\/div>\n\n\n\n<div class=\"gb-element-18507f04\">\n<figure class=\"wp-block-image size-large rounded-corners img\"><img loading=\"lazy\" decoding=\"async\" width=\"683\" height=\"1024\" src=\"https:\/\/onlygrowth.fans\/wp-content\/uploads\/2025\/08\/Anna_Avatar-683x1024.jpeg\" alt=\"\" class=\"wp-image-1108\" srcset=\"https:\/\/onlygrowth.fans\/wp-content\/uploads\/2025\/08\/Anna_Avatar-683x1024.jpeg 683w, https:\/\/onlygrowth.fans\/wp-content\/uploads\/2025\/08\/Anna_Avatar-200x300.jpeg 200w, https:\/\/onlygrowth.fans\/wp-content\/uploads\/2025\/08\/Anna_Avatar-768x1152.jpeg 768w, https:\/\/onlygrowth.fans\/wp-content\/uploads\/2025\/08\/Anna_Avatar.jpeg 1024w\" sizes=\"auto, (max-width: 683px) 100vw, 683px\" \/><\/figure>\n\n\n\n<p class=\"gb-text gb-text-1aaf5e3b\">Anna<\/p>\n\n\n\n<p class=\"gb-text gb-text-e0d933f0\">Cofundador &#8211; Creador L\u00edder de \u00c9xito<\/p>\n<\/div>\n<\/div>\n<\/section>\n","protected":false},"excerpt":{"rendered":"<p>Acerca de OnlyGrowth.fans Construido para creadores.Impulsado por el crecimiento. OnlyGrowth.fans es la agencia a la que acuden los creadores adultos ambiciosos que quieren aumentar sus ingresos sin agotarse. Fundada por Jan y Anna, estamos obsesionados con construir historias de \u00e9xito reales y a largo plazo, no s\u00f3lo momentos virales. No somos s\u00f3lo gestores. Somos arquitectos &#8230; <a title=\"Acerca de\" class=\"read-more\" href=\"https:\/\/onlygrowth.fans\/es\/acerca-de\/\" aria-label=\"Leer m\u00e1s sobre Acerca de\">Leer m\u00e1s<\/a><\/p>\n","protected":false},"author":1,"featured_media":0,"parent":0,"menu_order":0,"comment_status":"closed","ping_status":"closed","template":"","meta":{"footnotes":""},"class_list":["post-1736","page","type-page","status-publish"],"_links":{"self":[{"href":"https:\/\/onlygrowth.fans\/es\/wp-json\/wp\/v2\/pages\/1736","targetHints":{"allow":["GET"]}}],"collection":[{"href":"https:\/\/onlygrowth.fans\/es\/wp-json\/wp\/v2\/pages"}],"about":[{"href":"https:\/\/onlygrowth.fans\/es\/wp-json\/wp\/v2\/types\/page"}],"author":[{"embeddable":true,"href":"https:\/\/onlygrowth.fans\/es\/wp-json\/wp\/v2\/users\/1"}],"replies":[{"embeddable":true,"href":"https:\/\/onlygrowth.fans\/es\/wp-json\/wp\/v2\/comments?post=1736"}],"version-history":[{"count":1,"href":"https:\/\/onlygrowth.fans\/es\/wp-json\/wp\/v2\/pages\/1736\/revisions"}],"predecessor-version":[{"id":1739,"href":"https:\/\/onlygrowth.fans\/es\/wp-json\/wp\/v2\/pages\/1736\/revisions\/1739"}],"wp:attachment":[{"href":"https:\/\/onlygrowth.fans\/es\/wp-json\/wp\/v2\/media?parent=1736"}],"curies":[{"name":"wp","href":"https:\/\/api.w.org\/{rel}","templated":true}]}}