{"id":1810,"date":"2021-05-30T14:08:16","date_gmt":"2021-05-30T12:08:16","guid":{"rendered":"https:\/\/onlygrowth.fans\/herramientas-onlyfans\/"},"modified":"2025-08-15T16:36:34","modified_gmt":"2025-08-15T14:36:34","slug":"herramientas-onlyfans","status":"publish","type":"page","link":"https:\/\/onlygrowth.fans\/es\/","title":{"rendered":"Herramientas Onlyfans"},"content":{"rendered":"\n<section class=\"gb-element-5200751c\">\n<span class=\"gb-shape gb-shape-1df8150a gb-shape--divider\"><svg xmlns=\"http:\/\/www.w3.org\/2000\/svg\" preserveaspectratio=\"none\" viewbox=\"0 0 1200 130.3\"><path d=\"M0 107.9l40-22.2c40-21.9 120-66.9 200-62.2 80 4.4 160 57.8 240 53.3C560 72 640 10.4 720 1.2S880 37 960 59c80 22.3 160 22.3 200 22.3h40v49H0v-22.4z\"><\/path><\/svg><\/span>\n\n\n\n<div class=\"gb-element-a3e94833\">\n<div class=\"gb-element-9660a0fd\">\n<h1 class=\"gb-text gb-text-a250934b\"><mark class=\"gb-highlight\"><mark style=\"background-color:rgba(0, 0, 0, 0)\" class=\"has-inline-color has-accent-color\">S\u00f3loCrecimiento<\/mark><\/mark> es tu gu\u00eda<mark class=\"gb-highlight\"><mark style=\"background-color:rgba(0, 0, 0, 0)\" class=\"has-inline-color has-accent-color\"> para herramientas OnlyFans y<\/mark><\/mark> noticias sobre creadores de contenido<\/h1>\n\n\n\n<p class=\"has-contrast-color has-text-color\"><strong>Descubre la salsa secreta de tu \u00e9xito en OnlyFans: consejos de expertos, herramientas reales y estrategias sencillas que realmente convierten.<\/strong><\/p>\n\n\n\n<a class=\"gb-text gb-text-8dca6e17\" href=\"https:\/\/onlygrowth.fans\/es\/las-3-mejores-herramientas-de-enlace-en-la-biografia-para-creadores-de-contenidos-para-adultos-2025-%f0%9f%8f%86\/\">&gt;  Ir a la caja de herramientas de OnlyGrowth<\/a>\n<\/div>\n\n\n\n<div class=\"gb-element-f3fe139e\">\n<figure class=\"wp-block-image size-full\"><img loading=\"lazy\" decoding=\"async\" width=\"1024\" height=\"1024\" src=\"https:\/\/onlygrowth.fans\/wp-content\/uploads\/2025\/07\/Hero_image_onlygrowthfans.png\" alt=\"Una creadora de contenidos para adultos que hace crecer su negocio con &#xE9;xito\" class=\"wp-image-1022\" srcset=\"https:\/\/onlygrowth.fans\/wp-content\/uploads\/2025\/07\/Hero_image_onlygrowthfans.png 1024w, https:\/\/onlygrowth.fans\/wp-content\/uploads\/2025\/07\/Hero_image_onlygrowthfans-300x300.png 300w, https:\/\/onlygrowth.fans\/wp-content\/uploads\/2025\/07\/Hero_image_onlygrowthfans-150x150.png 150w, https:\/\/onlygrowth.fans\/wp-content\/uploads\/2025\/07\/Hero_image_onlygrowthfans-768x768.png 768w\" sizes=\"auto, (max-width: 1024px) 100vw, 1024px\" \/><\/figure>\n<\/div>\n<\/div>\n<\/section>\n\n<section class=\"gb-element-e0d834d4\">\n<div class=\"gb-element-6ce2c7d9\">\n<div class=\"gb-element-a085f188\">\n<figure class=\"wp-block-image size-full\"><img loading=\"lazy\" decoding=\"async\" width=\"1024\" height=\"1024\" src=\"https:\/\/onlygrowth.fans\/wp-content\/uploads\/2025\/07\/Academy.png\" alt=\"Un creador de contenidos aprendiendo a dominar las herramientas de OnlyFans en nuestra academia OFM\" class=\"wp-image-1023\" srcset=\"https:\/\/onlygrowth.fans\/wp-content\/uploads\/2025\/07\/Academy.png 1024w, https:\/\/onlygrowth.fans\/wp-content\/uploads\/2025\/07\/Academy-300x300.png 300w, https:\/\/onlygrowth.fans\/wp-content\/uploads\/2025\/07\/Academy-150x150.png 150w, https:\/\/onlygrowth.fans\/wp-content\/uploads\/2025\/07\/Academy-768x768.png 768w\" sizes=\"auto, (max-width: 1024px) 100vw, 1024px\" \/><\/figure>\n<\/div>\n\n\n\n<div class=\"gb-element-0ca5331e\">\n<h2 class=\"gb-text-555bc56c\"><span class=\"gb-shape\"><svg xmlns=\"http:\/\/www.w3.org\/2000\/svg\" viewbox=\"0 0 80 42\" data-name=\"subtract\"><path fill=\"CurrentColor\" d=\"M0 20.06h80v1.87H0z\"><\/path><\/svg><\/span><span class=\"gb-text\"><strong>OnlyGrowth tambi\u00e9n es una Academia<\/strong><\/span><\/h2>\n\n\n\n<h2 class=\"gb-text\">La Academia OFM OnlyGrowth<\/h2>\n\n\n\n<p>Un curso de formaci\u00f3n privado, s\u00f3lo por invitaci\u00f3n, dise\u00f1ado para futuros <strong>OnlyFans Managers<\/strong> que quieran subir de nivel en serio.<br\/>Hablamos de estrategias reales, herramientas reales y flujos de trabajo internos para escalar negocios de contenido para adultos con precisi\u00f3n.<\/p>\n\n\n\n<p class=\"gb-text-df79509c\"><span class=\"gb-shape\"><svg xmlns=\"http:\/\/www.w3.org\/2000\/svg\" aria-hidden=\"true\" role=\"img\" height=\"1em\" width=\"1em\" viewbox=\"0 0 256 512\"><path fill=\"currentColor\" d=\"M224.3 273l-136 136c-9.4 9.4-24.6 9.4-33.9 0l-22.6-22.6c-9.4-9.4-9.4-24.6 0-33.9l96.4-96.4-96.4-96.4c-9.4-9.4-9.4-24.6 0-33.9L54.3 103c9.4-9.4 24.6-9.4 33.9 0l136 136c9.5 9.4 9.5 24.6.1 34z\"><\/path><\/svg><\/span><span class=\"gb-text\">\ud83d\ude80 Una <strong>formaci\u00f3n completa<\/strong> que cubre todos los aspectos del trabajo.<\/span><\/p>\n\n\n\n<p class=\"gb-text-b822e75b\"><span class=\"gb-shape\"><svg xmlns=\"http:\/\/www.w3.org\/2000\/svg\" aria-hidden=\"true\" role=\"img\" height=\"1em\" width=\"1em\" viewbox=\"0 0 256 512\"><path fill=\"currentColor\" d=\"M224.3 273l-136 136c-9.4 9.4-24.6 9.4-33.9 0l-22.6-22.6c-9.4-9.4-9.4-24.6 0-33.9l96.4-96.4-96.4-96.4c-9.4-9.4-9.4-24.6 0-33.9L54.3 103c9.4-9.4 24.6-9.4 33.9 0l136 136c9.5 9.4 9.5 24.6.1 34z\"><\/path><\/svg><\/span><span class=\"gb-text\">\ud83c\udfa5 <strong>M\u00e1s de 40 horas<\/strong> de lecciones en v\u00eddeo con actualizaciones peri\u00f3dicas.<\/span><\/p>\n\n\n\n<p class=\"gb-text-cd666452\"><span class=\"gb-shape\"><svg xmlns=\"http:\/\/www.w3.org\/2000\/svg\" aria-hidden=\"true\" role=\"img\" height=\"1em\" width=\"1em\" viewbox=\"0 0 256 512\"><path fill=\"currentColor\" d=\"M224.3 273l-136 136c-9.4 9.4-24.6 9.4-33.9 0l-22.6-22.6c-9.4-9.4-9.4-24.6 0-33.9l96.4-96.4-96.4-96.4c-9.4-9.4-9.4-24.6 0-33.9L54.3 103c9.4-9.4 24.6-9.4 33.9 0l136 136c9.5 9.4 9.5 24.6.1 34z\"><\/path><\/svg><\/span><span class=\"gb-text\">\ud83d\udc65 3 instructores con <strong>m\u00e1s de 10 a\u00f1os cada uno en marketing web y tecnolog\u00eda.<\/strong><\/span><\/p>\n\n\n\n<p class=\"gb-text-d99acbb3\"><span class=\"gb-shape\"><svg xmlns=\"http:\/\/www.w3.org\/2000\/svg\" aria-hidden=\"true\" role=\"img\" height=\"1em\" width=\"1em\" viewbox=\"0 0 256 512\"><path fill=\"currentColor\" d=\"M224.3 273l-136 136c-9.4 9.4-24.6 9.4-33.9 0l-22.6-22.6c-9.4-9.4-9.4-24.6 0-33.9l96.4-96.4-96.4-96.4c-9.4-9.4-9.4-24.6 0-33.9L54.3 103c9.4-9.4 24.6-9.4 33.9 0l136 136c9.5 9.4 9.5 24.6.1 34z\"><\/path><\/svg><\/span><span class=\"gb-text\"><strong>\ud83d\udd25 Discordia privada<\/strong>.<\/span><\/p>\n\n\n\n<p class=\"gb-text-98c686b2\"><span class=\"gb-shape\"><svg xmlns=\"http:\/\/www.w3.org\/2000\/svg\" aria-hidden=\"true\" role=\"img\" height=\"1em\" width=\"1em\" viewbox=\"0 0 256 512\"><path fill=\"currentColor\" d=\"M224.3 273l-136 136c-9.4 9.4-24.6 9.4-33.9 0l-22.6-22.6c-9.4-9.4-9.4-24.6 0-33.9l96.4-96.4-96.4-96.4c-9.4-9.4-9.4-24.6 0-33.9L54.3 103c9.4-9.4 24.6-9.4 33.9 0l136 136c9.5 9.4 9.5 24.6.1 34z\"><\/path><\/svg><\/span><span class=\"gb-text\">\ud83d\udd12 El acceso es <strong>limitado<\/strong>: solicita unirte a la pr\u00f3xima oleada.<\/span><\/p>\n\n\n\n<a class=\"gb-text gb-text-1725342c\" href=\"https:\/\/onlygrowth.fans\/es\/ponte-en-contacto-con\/\"><strong>&gt;  Inscr\u00edbete en la <strong>lista de espera<\/strong><\/strong><\/a>\n\n\n\n<p><strong><br\/><\/strong><\/p>\n<\/div>\n<\/div>\n<\/section>\n\n<section class=\"gb-element-093e7df7\">\n<div class=\"gb-element-b05bd9c8\">\n<div class=\"gb-element-5881488e\">\n<h2 class=\"gb-text-c283a0b3\"><span class=\"gb-shape\"><svg xmlns=\"http:\/\/www.w3.org\/2000\/svg\" viewbox=\"0 0 80 42\" data-name=\"subtract\"><path fill=\"CurrentColor\" d=\"M0 20.06h80v1.87H0z\"><\/path><\/svg><\/span><span class=\"gb-text\"><strong>OnlyGrowth tambi\u00e9n es una Agencia<\/strong><\/span><\/h2>\n\n\n\n<h2 class=\"gb-text\">La Agencia de Crecimiento \u00danico OFM<\/h2>\n\n\n\n<p>Nos asociamos con <strong>un n\u00famero limitado de modelos femeninas<\/strong> que est\u00e1n dispuestas a <strong>liberar todo su potencial<\/strong>, aumentar sus ingresos y <strong>centrarse \u00fanicamente en la creaci\u00f3n de contenidos<\/strong>, mientras nosotros nos encargamos del resto.<\/p>\n\n\n\n<p>\ud83c\udf1f Nuestra agencia est\u00e1 <strong>dirigida por mujeres<\/strong>, que combinan mentes agudas formadas en <strong>ciencias de la comunicaci\u00f3n e inform\u00e1tica<\/strong>, para que tu estrategia est\u00e9 siempre a punto y tu tecnolog\u00eda est\u00e9 siempre a punto.<\/p>\n\n\n\n<p class=\"gb-text-ff05a11c\"><span class=\"gb-shape\"><svg xmlns=\"http:\/\/www.w3.org\/2000\/svg\" aria-hidden=\"true\" role=\"img\" height=\"1em\" width=\"1em\" viewbox=\"0 0 256 512\"><path fill=\"currentColor\" d=\"M224.3 273l-136 136c-9.4 9.4-24.6 9.4-33.9 0l-22.6-22.6c-9.4-9.4-9.4-24.6 0-33.9l96.4-96.4-96.4-96.4c-9.4-9.4-9.4-24.6 0-33.9L54.3 103c9.4-9.4 24.6-9.4 33.9 0l136 136c9.5 9.4 9.5 24.6.1 34z\"><\/path><\/svg><\/span><span class=\"gb-text\"><strong>\ud83d\udcbc<\/strong> <strong>Gestor de cuenta dedicado<\/strong> 24\/7<\/span><\/p>\n\n\n\n<p class=\"gb-text-8957eb6d\"><span class=\"gb-shape\"><svg xmlns=\"http:\/\/www.w3.org\/2000\/svg\" aria-hidden=\"true\" role=\"img\" height=\"1em\" width=\"1em\" viewbox=\"0 0 256 512\"><path fill=\"currentColor\" d=\"M224.3 273l-136 136c-9.4 9.4-24.6 9.4-33.9 0l-22.6-22.6c-9.4-9.4-9.4-24.6 0-33.9l96.4-96.4-96.4-96.4c-9.4-9.4-9.4-24.6 0-33.9L54.3 103c9.4-9.4 24.6-9.4 33.9 0l136 136c9.5 9.4 9.5 24.6.1 34z\"><\/path><\/svg><\/span><span class=\"gb-text\">\ud83d\udcac C <strong>hateadores de \u00e9lite<\/strong> que operan las 24 horas del d\u00eda, dominando el PPV<\/span><\/p>\n\n\n\n<p class=\"gb-text-a6932dbe\"><span class=\"gb-shape\"><svg xmlns=\"http:\/\/www.w3.org\/2000\/svg\" aria-hidden=\"true\" role=\"img\" height=\"1em\" width=\"1em\" viewbox=\"0 0 256 512\"><path fill=\"currentColor\" d=\"M224.3 273l-136 136c-9.4 9.4-24.6 9.4-33.9 0l-22.6-22.6c-9.4-9.4-9.4-24.6 0-33.9l96.4-96.4-96.4-96.4c-9.4-9.4-9.4-24.6 0-33.9L54.3 103c9.4-9.4 24.6-9.4 33.9 0l136 136c9.5 9.4 9.5 24.6.1 34z\"><\/path><\/svg><\/span><span class=\"gb-text\">\ud83d\udcc8 Auditor\u00edas e informes semanales de crecimiento<\/span><\/p>\n\n\n\n<p class=\"gb-text-32d04271\"><span class=\"gb-shape\"><svg xmlns=\"http:\/\/www.w3.org\/2000\/svg\" aria-hidden=\"true\" role=\"img\" height=\"1em\" width=\"1em\" viewbox=\"0 0 256 512\"><path fill=\"currentColor\" d=\"M224.3 273l-136 136c-9.4 9.4-24.6 9.4-33.9 0l-22.6-22.6c-9.4-9.4-9.4-24.6 0-33.9l96.4-96.4-96.4-96.4c-9.4-9.4-9.4-24.6 0-33.9L54.3 103c9.4-9.4 24.6-9.4 33.9 0l136 136c9.5 9.4 9.5 24.6.1 34z\"><\/path><\/svg><\/span><span class=\"gb-text\">\ud83d\udcf8 Gu\u00edas de contenidos para crear lo que realmente vende<\/span><\/p>\n\n\n\n<a class=\"gb-text gb-text-861b29d1\" href=\"https:\/\/onlygrowth.fans\/es\/ponte-en-contacto-con\/\">&gt;  Solicitar ahora \ud83d\udc8c  <\/a>\n<\/div>\n\n\n\n<div class=\"gb-element-2df9672c\">\n<figure class=\"wp-block-image size-full\"><img loading=\"lazy\" decoding=\"async\" width=\"1024\" height=\"1024\" src=\"https:\/\/onlygrowth.fans\/wp-content\/uploads\/2025\/07\/Content_creator_working_with_Agency.png\" alt=\"Un creador de contenidos feliz tras haber contratado a la agencia onlygrowth.fans\" class=\"wp-image-1024\" srcset=\"https:\/\/onlygrowth.fans\/wp-content\/uploads\/2025\/07\/Content_creator_working_with_Agency.png 1024w, https:\/\/onlygrowth.fans\/wp-content\/uploads\/2025\/07\/Content_creator_working_with_Agency-300x300.png 300w, https:\/\/onlygrowth.fans\/wp-content\/uploads\/2025\/07\/Content_creator_working_with_Agency-150x150.png 150w, https:\/\/onlygrowth.fans\/wp-content\/uploads\/2025\/07\/Content_creator_working_with_Agency-768x768.png 768w\" sizes=\"auto, (max-width: 1024px) 100vw, 1024px\" \/><\/figure>\n<\/div>\n<\/div>\n<\/section>\n\n<section class=\"gb-element-8f8392b0\">\n<div class=\"gb-element-f55fa1bc\">\n<div class=\"gb-element-5cc9719b\">\n<h3 class=\"gb-text-be9e91b8\"><span class=\"gb-shape\"><svg xmlns=\"http:\/\/www.w3.org\/2000\/svg\" aria-hidden=\"true\" role=\"img\" height=\"1em\" width=\"1em\" viewbox=\"0 0 512 512\"><path fill=\"currentColor\" d=\"M466.5 83.7l-192-80a48.15 48.15 0 0 0-36.9 0l-192 80C27.7 91.1 16 108.6 16 128c0 198.5 114.5 335.7 221.5 380.3 11.8 4.9 25.1 4.9 36.9 0C360.1 472.6 496 349.3 496 128c0-19.4-11.7-36.9-29.5-44.3zM256.1 446.3l-.1-381 175.9 73.3c-3.3 151.4-82.1 261.1-175.8 307.7z\"><\/path><\/svg><\/span><span class=\"gb-text\">Asegura<\/span><\/h3>\n\n\n\n<p style=\"font-size:15px\">Mantente totalmente an\u00f3nimo: nueva identidad, visibilidad bloqueada por GEO, control total.<\/p>\n<\/div>\n\n\n\n<div class=\"gb-element-46106d16\">\n<h3 class=\"gb-text-9c33ec6b\"><span class=\"gb-shape\"><svg xmlns=\"http:\/\/www.w3.org\/2000\/svg\" viewbox=\"0 0 384 512\"><path d=\"M377 105L279.1 7c-4.5-4.5-10.6-7-17-7H256v128h128v-6.1c0-6.3-2.5-12.4-7-16.9zm-153 31V0H24C10.7 0 0 10.7 0 24v464c0 13.3 10.7 24 24 24h336c13.3 0 24-10.7 24-24V160H248c-13.2 0-24-10.8-24-24zM64 72c0-4.42 3.58-8 8-8h80c4.42 0 8 3.58 8 8v16c0 4.42-3.58 8-8 8H72c-4.42 0-8-3.58-8-8V72zm0 80v-16c0-4.42 3.58-8 8-8h80c4.42 0 8 3.58 8 8v16c0 4.42-3.58 8-8 8H72c-4.42 0-8-3.58-8-8zm144 263.88V440c0 4.42-3.58 8-8 8h-16c-4.42 0-8-3.58-8-8v-24.29c-11.29-.58-22.27-4.52-31.37-11.35-3.9-2.93-4.1-8.77-.57-12.14l11.75-11.21c2.77-2.64 6.89-2.76 10.13-.73 3.87 2.42 8.26 3.72 12.82 3.72h28.11c6.5 0 11.8-5.92 11.8-13.19 0-5.95-3.61-11.19-8.77-12.73l-45-13.5c-18.59-5.58-31.58-23.42-31.58-43.39 0-24.52 19.05-44.44 42.67-45.07V232c0-4.42 3.58-8 8-8h16c4.42 0 8 3.58 8 8v24.29c11.29.58 22.27 4.51 31.37 11.35 3.9 2.93 4.1 8.77.57 12.14l-11.75 11.21c-2.77 2.64-6.89 2.76-10.13.73-3.87-2.43-8.26-3.72-12.82-3.72h-28.11c-6.5 0-11.8 5.92-11.8 13.19 0 5.95 3.61 11.19 8.77 12.73l45 13.5c18.59 5.58 31.58 23.42 31.58 43.39 0 24.53-19.05 44.44-42.67 45.07z\"><\/path><\/svg><\/span><span class=\"gb-text\">Sin costes ocultos<\/span><\/h3>\n\n\n\n<p style=\"font-size:15px\">Sin cuotas de alta: consigue ingresos que te cambiar\u00e1n la vida con nuestra agencia OnlyFans.<\/p>\n<\/div>\n\n\n\n<div class=\"gb-element-c9a493e3\">\n<h3 class=\"gb-text-164bcae5\"><span class=\"gb-shape\"><svg xmlns=\"http:\/\/www.w3.org\/2000\/svg\" viewbox=\"0 0 512 512\"><path d=\"M461.2 128H80c-8.84 0-16-7.16-16-16s7.16-16 16-16h384c8.84 0 16-7.16 16-16 0-26.51-21.49-48-48-48H64C28.65 32 0 60.65 0 96v320c0 35.35 28.65 64 64 64h397.2c28.02 0 50.8-21.53 50.8-48V176c0-26.47-22.78-48-50.8-48zM416 336c-17.67 0-32-14.33-32-32s14.33-32 32-32 32 14.33 32 32-14.33 32-32 32z\"><\/path><\/svg><\/span><span class=\"gb-text\">Pagos directos<\/span><\/h3>\n\n\n\n<p style=\"font-size:15px\">Tus ganancias van directamente a tu banco: sin intermediarios ni retrasos.<\/p>\n<\/div>\n\n\n\n<div class=\"gb-element-9887397f\">\n<h3 class=\"gb-text-5090eaab\"><span class=\"gb-shape\"><svg xmlns=\"http:\/\/www.w3.org\/2000\/svg\" viewbox=\"0 0 512 512\"><path d=\"M192 208c0-17.67-14.33-32-32-32h-16c-35.35 0-64 28.65-64 64v48c0 35.35 28.65 64 64 64h16c17.67 0 32-14.33 32-32V208zm176 144c35.35 0 64-28.65 64-64v-48c0-35.35-28.65-64-64-64h-16c-17.67 0-32 14.33-32 32v112c0 17.67 14.33 32 32 32h16zM256 0C113.18 0 4.58 118.83 0 256v16c0 8.84 7.16 16 16 16h16c8.84 0 16-7.16 16-16v-16c0-114.69 93.31-208 208-208s208 93.31 208 208h-.12c.08 2.43.12 165.72.12 165.72 0 23.35-18.93 42.28-42.28 42.28H320c0-26.51-21.49-48-48-48h-32c-26.51 0-48 21.49-48 48s21.49 48 48 48h181.72c49.86 0 90.28-40.42 90.28-90.28V256C507.42 118.83 398.82 0 256 0z\"><\/path><\/svg><\/span><span class=\"gb-text\">Asistencia 24\/7<\/span><\/h3>\n\n\n\n<p style=\"font-size:15px\">Consigue asistencia 24 horas al d\u00eda, 7 d\u00edas a la semana, con un gestor de cuenta dedicado y chateadores profesionales.<\/p>\n<\/div>\n<\/div>\n<\/section>\n\n<section class=\"gb-element-ce1d7c6b\">\n<h2 class=\"gb-text-cc23d99c\"><span class=\"gb-shape\"><svg xmlns=\"http:\/\/www.w3.org\/2000\/svg\" viewbox=\"0 0 124 124\"><path fill=\"CurrentColor\" d=\"M112 50H12C5.4 50 0 55.4 0 62s5.4 12 12 12h100c6.6 0 12-5.4 12-12s-5.4-12-12-12z\"><\/path><\/svg><\/span><span class=\"gb-text\">Por qu\u00e9 elegirnos<\/span><\/h2>\n\n\n\n<div class=\"gb-element-3b87014f\">\n<div class=\"gb-element-8571de0d column-shadow\">\n<h3 class=\"gb-text-6d93127f\"><span class=\"gb-shape\"><svg xmlns=\"http:\/\/www.w3.org\/2000\/svg\" viewbox=\"0 0 475.074 475.074\"><path fill=\"CurrentColor\" d=\"M395.655 249.236c-11.037-14.272-27.692-24.075-49.964-29.403 28.362-14.467 40.826-39.021 37.404-73.666-1.144-12.563-4.616-23.451-10.424-32.68-5.812-9.231-13.655-16.652-23.559-22.266-9.896-5.621-20.659-9.9-32.264-12.85-11.608-2.95-24.935-5.092-39.972-6.423V0h-43.964v69.949c-7.613 0-19.223.19-34.829.571V0h-43.97v71.948c-6.283.191-15.513.288-27.694.288l-60.526-.288v46.824h31.689c14.466 0 22.936 6.473 25.41 19.414v81.942c1.906 0 3.427.098 4.57.288h-4.57v114.769c-1.521 9.705-7.04 14.562-16.558 14.562H74.747l-8.852 52.249h57.102c3.617 0 8.848.048 15.703.134 6.851.096 11.988.144 15.415.144v72.803h43.977V403.13c7.992.195 19.602.288 34.829.288v71.659h43.965v-72.803c15.611-.76 29.457-2.18 41.538-4.281 12.087-2.101 23.653-5.379 34.69-9.855 11.036-4.47 20.266-10.041 27.688-16.703 7.426-6.656 13.559-15.13 18.421-25.41 4.846-10.28 7.943-22.176 9.271-35.693 2.485-26.45-1.8-46.818-12.839-61.096zM198.938 121.904c1.333 0 5.092-.048 11.278-.144 6.189-.098 11.326-.192 15.418-.288 4.093-.094 9.613.144 16.563.715 6.947.571 12.799 1.334 17.556 2.284s9.996 2.521 15.701 4.71c5.715 2.187 10.28 4.853 13.702 7.993 3.429 3.14 6.331 7.139 8.706 11.993 2.382 4.853 3.572 10.42 3.572 16.7 0 5.33-.855 10.185-2.566 14.565-1.708 4.377-4.284 8.042-7.706 10.992-3.423 2.951-6.951 5.523-10.568 7.71-3.613 2.187-8.233 3.949-13.846 5.28-5.612 1.333-10.513 2.38-14.698 3.14-4.188.762-9.421 1.287-15.703 1.571-6.283.284-11.043.478-14.277.572-3.237.094-7.661.094-13.278 0-5.618-.094-8.897-.144-9.851-.144v-87.65h-.003zm120.06 194.427c-1.813 4.38-4.141 8.189-6.994 11.427-2.858 3.23-6.619 6.088-11.28 8.559-4.66 2.478-9.185 4.473-13.559 5.996-4.38 1.529-9.664 2.854-15.844 4-6.194 1.143-11.615 1.947-16.283 2.426-4.661.477-10.226.856-16.7 1.144-6.469.28-11.516.425-15.131.425-3.617 0-8.186-.052-13.706-.145-5.523-.089-9.041-.137-10.565-.137v-96.505c1.521 0 6.042-.093 13.562-.287 7.521-.192 13.656-.281 18.415-.281 4.758 0 11.327.281 19.705.856 8.37.567 15.413 1.42 21.128 2.562 5.708 1.144 11.937 2.902 18.699 5.284 6.755 2.378 12.23 5.28 16.419 8.706 4.188 3.432 7.707 7.803 10.561 13.134 2.861 5.328 4.288 11.42 4.288 18.274-.001 5.335-.904 10.181-2.715 14.562z\"><\/path><\/svg><\/span><span class=\"gb-text\">Experiencia<\/span><\/h3>\n\n\n\n<p class=\"gb-text gb-text-ece5a15f\">A\u00f1os de conocimientos sobre crecimiento, estrategia de contenidos y conversi\u00f3n de fans en OnlyFans: lo hemos hecho todo.<\/p>\n<\/div>\n\n\n\n<div class=\"gb-element-7adc30dc column-shadow\">\n<h3 class=\"gb-text-11a30735\"><span class=\"gb-shape\"><svg xmlns=\"http:\/\/www.w3.org\/2000\/svg\" aria-hidden=\"true\" role=\"img\" height=\"1em\" width=\"1em\" viewbox=\"0 0 512 512\"><path fill=\"currentColor\" d=\"M173.898 439.404l-166.4-166.4c-9.997-9.997-9.997-26.206 0-36.204l36.203-36.204c9.997-9.998 26.207-9.998 36.204 0L192 312.69 432.095 72.596c9.997-9.997 26.207-9.997 36.204 0l36.203 36.204c9.997 9.997 9.997 26.206 0 36.204l-294.4 294.401c-9.998 9.997-26.207 9.997-36.204-.001z\"><\/path><\/svg><\/span><span class=\"gb-text\">Fiabilidad<\/span><\/h3>\n\n\n\n<p class=\"gb-headline gb-headline-cda84e3e gb-headline-text\">Nosotros nos encargamos de todo para que t\u00fa puedas centrarte en crear: siempre coherente, siempre activo.<\/p>\n<\/div>\n\n\n\n<div class=\"gb-element-66497656 column-shadow\">\n<h3 class=\"gb-text-cb1f8d16\"><span class=\"gb-shape\"><svg xmlns=\"http:\/\/www.w3.org\/2000\/svg\" aria-hidden=\"true\" role=\"img\" height=\"1em\" width=\"1em\" viewbox=\"0 0 512 512\"><path fill=\"currentColor\" d=\"M466.5 83.7l-192-80a48.15 48.15 0 0 0-36.9 0l-192 80C27.7 91.1 16 108.6 16 128c0 198.5 114.5 335.7 221.5 380.3 11.8 4.9 25.1 4.9 36.9 0C360.1 472.6 496 349.3 496 128c0-19.4-11.7-36.9-29.5-44.3zM256.1 446.3l-.1-381 175.9 73.3c-3.3 151.4-82.1 261.1-175.8 307.7z\"><\/path><\/svg><\/span><span class=\"gb-text\">Seguridad<\/span><\/h3>\n\n\n\n<p class=\"gb-headline gb-headline-81923fd4 gb-headline-text\">Tus datos, identidad e ingresos est\u00e1n protegidos: total discreci\u00f3n, cero riesgos.<\/p>\n<\/div>\n<\/div>\n<\/section>\n","protected":false},"excerpt":{"rendered":"<p>S\u00f3loCrecimiento es tu gu\u00eda para herramientas OnlyFans y noticias sobre creadores de contenido Descubre la salsa secreta de tu \u00e9xito en OnlyFans: consejos de expertos, herramientas reales y estrategias sencillas que realmente convierten. &gt; Ir a la caja de herramientas de OnlyGrowth OnlyGrowth tambi\u00e9n es una Academia La Academia OFM OnlyGrowth Un curso de formaci\u00f3n &#8230; <a title=\"Herramientas Onlyfans\" class=\"read-more\" href=\"https:\/\/onlygrowth.fans\/es\/\" aria-label=\"Leer m\u00e1s sobre Herramientas Onlyfans\">Leer m\u00e1s<\/a><\/p>\n","protected":false},"author":1,"featured_media":0,"parent":0,"menu_order":0,"comment_status":"closed","ping_status":"closed","template":"","meta":{"footnotes":""},"class_list":["post-1810","page","type-page","status-publish"],"_links":{"self":[{"href":"https:\/\/onlygrowth.fans\/es\/wp-json\/wp\/v2\/pages\/1810","targetHints":{"allow":["GET"]}}],"collection":[{"href":"https:\/\/onlygrowth.fans\/es\/wp-json\/wp\/v2\/pages"}],"about":[{"href":"https:\/\/onlygrowth.fans\/es\/wp-json\/wp\/v2\/types\/page"}],"author":[{"embeddable":true,"href":"https:\/\/onlygrowth.fans\/es\/wp-json\/wp\/v2\/users\/1"}],"replies":[{"embeddable":true,"href":"https:\/\/onlygrowth.fans\/es\/wp-json\/wp\/v2\/comments?post=1810"}],"version-history":[{"count":1,"href":"https:\/\/onlygrowth.fans\/es\/wp-json\/wp\/v2\/pages\/1810\/revisions"}],"predecessor-version":[{"id":1811,"href":"https:\/\/onlygrowth.fans\/es\/wp-json\/wp\/v2\/pages\/1810\/revisions\/1811"}],"wp:attachment":[{"href":"https:\/\/onlygrowth.fans\/es\/wp-json\/wp\/v2\/media?parent=1810"}],"curies":[{"name":"wp","href":"https:\/\/api.w.org\/{rel}","templated":true}]}}